{"id":3417,"date":"2019-03-11T14:12:43","date_gmt":"2019-03-11T12:12:43","guid":{"rendered":"https:\/\/lafunky.com\/contact-us\/"},"modified":"2023-07-26T16:15:50","modified_gmt":"2023-07-26T14:15:50","slug":"contact-us","status":"publish","type":"page","link":"https:\/\/lafunky.com\/en\/contact-us\/","title":{"rendered":"Contact Us"},"content":{"rendered":"<section class=\"wpb-content-wrapper\"><p>[vc_row type=&#8221;boxed&#8221; css=&#8221;.vc_custom_1553181066166{margin-top: 30px !important;margin-bottom: 20px !important;}&#8221;][vc_column css=&#8221;.vc_custom_1552989185841{margin-bottom: 20px !important;padding-top: 40px !important;}&#8221;][vc_column_text]<\/p>\n<h2 style=\"padding-left: 40px; text-align: center;\">LaFunky ArtisanAtelier<\/h2>\n<h5 style=\"padding-left: 40px; text-align: center;\">8900 Zalaegerszeg, F\u00e9szek Str. 4<\/h5>\n<h5 style=\"padding-left: 40px; text-align: center;\">Phone: +36 30 365 6320<\/h5>\n<h5 style=\"padding-left: 40px; text-align: center;\">E-mail: hello@lafunky.com<\/h5>\n<p>[\/vc_column_text][\/vc_column][\/vc_row][vc_row css=&#8221;.vc_custom_1552988676916{margin-top: 10px !important;margin-bottom: 20px !important;}&#8221;][vc_column][vc_custom_heading text=&#8221;Fill out the form below and we will reach out to you as soon as possible!&#8221; font_container=&#8221;tag:h5|text_align:left&#8221; use_theme_fonts=&#8221;yes&#8221;][\/vc_column][\/vc_row][vc_row][vc_column]\n<div class=\"wpcf7 no-js\" id=\"wpcf7-f17-o1\" lang=\"hu-HU\" dir=\"ltr\" data-wpcf7-id=\"17\">\n<div class=\"screen-reader-response\"><p role=\"status\" aria-live=\"polite\" aria-atomic=\"true\"><\/p> <ul><\/ul><\/div>\n<form action=\"\/en\/wp-json\/wp\/v2\/pages\/3417#wpcf7-f17-o1\" method=\"post\" class=\"wpcf7-form init wpcf7-acceptance-as-validation\" aria-label=\"Kapcsolatfelv\u00e9teli \u0171rlap\" novalidate=\"novalidate\" data-status=\"init\">\n<fieldset class=\"hidden-fields-container\"><input type=\"hidden\" name=\"_wpcf7\" value=\"17\" \/><input type=\"hidden\" name=\"_wpcf7_version\" value=\"6.1.4\" \/><input type=\"hidden\" name=\"_wpcf7_locale\" value=\"hu_HU\" \/><input type=\"hidden\" name=\"_wpcf7_unit_tag\" value=\"wpcf7-f17-o1\" \/><input type=\"hidden\" name=\"_wpcf7_container_post\" value=\"0\" \/><input type=\"hidden\" name=\"_wpcf7_posted_data_hash\" value=\"\" \/><input type=\"hidden\" name=\"_wpcf7_recaptcha_response\" value=\"\" \/>\n<\/fieldset>\n<p><label> Az \u00d6n neve (k\u00f6telez\u0151)<br \/>\n<span class=\"wpcf7-form-control-wrap\" data-name=\"your-name\"><input size=\"40\" maxlength=\"400\" class=\"wpcf7-form-control wpcf7-text wpcf7-validates-as-required\" aria-required=\"true\" aria-invalid=\"false\" value=\"\" type=\"text\" name=\"your-name\" \/><\/span> <\/label>\n<\/p>\n<p><label> E-mail c\u00edm (k\u00f6telez\u0151)<br \/>\n<span class=\"wpcf7-form-control-wrap\" data-name=\"your-email\"><input size=\"40\" maxlength=\"400\" class=\"wpcf7-form-control wpcf7-email wpcf7-validates-as-required wpcf7-text wpcf7-validates-as-email\" aria-required=\"true\" aria-invalid=\"false\" value=\"\" type=\"email\" name=\"your-email\" \/><\/span> <\/label>\n<\/p>\n<p><label> Telefonsz\u00e1m<br \/>\n<span class=\"wpcf7-form-control-wrap\" data-name=\"tel-142\"><input size=\"40\" maxlength=\"400\" class=\"wpcf7-form-control wpcf7-tel wpcf7-text wpcf7-validates-as-tel\" aria-invalid=\"false\" value=\"\" type=\"tel\" name=\"tel-142\" \/><\/span><\/label>\n<\/p>\n<p><label> T\u00e1rgy<br \/>\n<span class=\"wpcf7-form-control-wrap\" data-name=\"your-subject\"><input size=\"40\" maxlength=\"400\" class=\"wpcf7-form-control wpcf7-text\" aria-invalid=\"false\" value=\"\" type=\"text\" name=\"your-subject\" \/><\/span> <\/label>\n<\/p>\n<p><label> \u00dczenet<br \/>\n<span class=\"wpcf7-form-control-wrap\" data-name=\"your-message\"><textarea cols=\"40\" rows=\"10\" maxlength=\"2000\" class=\"wpcf7-form-control wpcf7-textarea\" aria-invalid=\"false\" name=\"your-message\"><\/textarea><\/span> <\/label>\n<\/p>\n<p><span class=\"wpcf7-form-control-wrap\" data-name=\"acceptance-814\"><span class=\"wpcf7-form-control wpcf7-acceptance\"><span class=\"wpcf7-list-item\"><label><input type=\"checkbox\" name=\"acceptance-814\" value=\"1\" aria-invalid=\"false\" \/><span class=\"wpcf7-list-item-label\">Elfogadom az <a href=\"https:\/\/lafunky.com\/adatkezelesi-tajekoztato\/\">Adatkezel\u00e9si t\u00e1j\u00e9koztat\u00f3<\/a>ban foglaltakat.<\/span><\/label><\/span><\/span><\/span>\n<\/p>\n<p><input class=\"wpcf7-form-control wpcf7-submit has-spinner\" type=\"submit\" value=\"K\u00fcld\u00e9s\" \/>\n<\/p><div class=\"wpcf7-response-output\" aria-hidden=\"true\"><\/div>\n<\/form>\n<\/div>\n[\/vc_column][\/vc_row]<\/p>\n<\/section>","protected":false},"excerpt":{"rendered":"<p>[vc_row type=&#8221;boxed&#8221; css=&#8221;.vc_custom_1553181066166{margin-top: 30px !important;margin-bottom: 20px !important;}&#8221;][vc_column css=&#8221;.vc_custom_1552989185841{margin-bottom: 20px !important;padding-top: 40px !important;}&#8221;][vc_column_text] LaFunky ArtisanAtelier 8900 Zalaegerszeg, F\u00e9szek Str. 4 Phone: +36 30 365 6320 E-mail: hello@lafunky.com [\/vc_column_text][\/vc_column][\/vc_row][vc_row css=&#8221;.vc_custom_1552988676916{margin-top: 10px !important;margin-bottom: 20px !important;}&#8221;][vc_column][vc_custom_heading text=&#8221;Fill out the form below and we will reach out to you as soon as possible!&#8221; font_container=&#8221;tag:h5|text_align:left&#8221; use_theme_fonts=&#8221;yes&#8221;][\/vc_column][\/vc_row][vc_row][vc_column][\/vc_column][\/vc_row]<\/p>\n","protected":false},"author":1,"featured_media":0,"parent":0,"menu_order":0,"comment_status":"closed","ping_status":"closed","template":"","meta":{"footnotes":""},"class_list":["post-3417","page","type-page","status-publish","hentry"],"yoast_head":"<!-- This site is optimized with the Yoast SEO plugin v26.8 - https:\/\/yoast.com\/product\/yoast-seo-wordpress\/ -->\n<title>Contact Us - LaFunky -be Funky<\/title>\n<meta name=\"description\" content=\"Contact Us - You can reach us on any of our contacts! Be Funky! Ask away!\" \/>\n<meta name=\"robots\" content=\"index, follow, max-snippet:-1, max-image-preview:large, max-video-preview:-1\" \/>\n<link rel=\"canonical\" href=\"https:\/\/lafunky.com\/en\/contact-us\/\" \/>\n<meta property=\"og:locale\" content=\"en_US\" \/>\n<meta property=\"og:type\" content=\"article\" \/>\n<meta property=\"og:title\" content=\"Contact Us - LaFunky -be Funky\" \/>\n<meta property=\"og:description\" content=\"Contact Us - You can reach us on any of our contacts! Be Funky! Ask away!\" \/>\n<meta property=\"og:url\" content=\"https:\/\/lafunky.com\/en\/contact-us\/\" \/>\n<meta property=\"og:site_name\" content=\"LaFunky\" \/>\n<meta property=\"article:publisher\" content=\"https:\/\/www.facebook.com\/dekorszertar\" \/>\n<meta property=\"article:modified_time\" content=\"2023-07-26T14:15:50+00:00\" \/>\n<meta name=\"twitter:card\" content=\"summary_large_image\" \/>\n<meta name=\"twitter:label1\" content=\"Est. reading time\" \/>\n\t<meta name=\"twitter:data1\" content=\"1 minute\" \/>\n<script type=\"application\/ld+json\" class=\"yoast-schema-graph\">{\"@context\":\"https:\/\/schema.org\",\"@graph\":[{\"@type\":\"WebPage\",\"@id\":\"https:\/\/lafunky.com\/en\/contact-us\/\",\"url\":\"https:\/\/lafunky.com\/en\/contact-us\/\",\"name\":\"Contact Us - LaFunky -be Funky\",\"isPartOf\":{\"@id\":\"https:\/\/lafunky.com\/en\/#website\"},\"datePublished\":\"2019-03-11T12:12:43+00:00\",\"dateModified\":\"2023-07-26T14:15:50+00:00\",\"description\":\"Contact Us - You can reach us on any of our contacts! Be Funky! Ask away!\",\"breadcrumb\":{\"@id\":\"https:\/\/lafunky.com\/en\/contact-us\/#breadcrumb\"},\"inLanguage\":\"en-US\",\"potentialAction\":[{\"@type\":\"ReadAction\",\"target\":[\"https:\/\/lafunky.com\/en\/contact-us\/\"]}]},{\"@type\":\"BreadcrumbList\",\"@id\":\"https:\/\/lafunky.com\/en\/contact-us\/#breadcrumb\",\"itemListElement\":[{\"@type\":\"ListItem\",\"position\":1,\"name\":\"F\u0151oldal\",\"item\":\"https:\/\/lafunky.com\/en\/\"},{\"@type\":\"ListItem\",\"position\":2,\"name\":\"Contact Us\"}]},{\"@type\":\"WebSite\",\"@id\":\"https:\/\/lafunky.com\/en\/#website\",\"url\":\"https:\/\/lafunky.com\/en\/\",\"name\":\"LaFunky\",\"description\":\"Sometimes Something \/ Izgalmas &amp; Szem\u00e9lyes\",\"publisher\":{\"@id\":\"https:\/\/lafunky.com\/en\/#organization\"},\"potentialAction\":[{\"@type\":\"SearchAction\",\"target\":{\"@type\":\"EntryPoint\",\"urlTemplate\":\"https:\/\/lafunky.com\/en\/?s={search_term_string}\"},\"query-input\":{\"@type\":\"PropertyValueSpecification\",\"valueRequired\":true,\"valueName\":\"search_term_string\"}}],\"inLanguage\":\"en-US\"},{\"@type\":\"Organization\",\"@id\":\"https:\/\/lafunky.com\/en\/#organization\",\"name\":\"LaFunky\",\"url\":\"https:\/\/lafunky.com\/en\/\",\"logo\":{\"@type\":\"ImageObject\",\"inLanguage\":\"en-US\",\"@id\":\"https:\/\/lafunky.com\/en\/#\/schema\/logo\/image\/\",\"url\":\"https:\/\/lafunky.com\/wp-content\/uploads\/2023\/04\/la_funky_pepe_1_web.png\",\"contentUrl\":\"https:\/\/lafunky.com\/wp-content\/uploads\/2023\/04\/la_funky_pepe_1_web.png\",\"width\":991,\"height\":324,\"caption\":\"LaFunky\"},\"image\":{\"@id\":\"https:\/\/lafunky.com\/en\/#\/schema\/logo\/image\/\"},\"sameAs\":[\"https:\/\/www.facebook.com\/dekorszertar\",\"https:\/\/hu.pinterest.com\/dekorszertar\/\"]}]}<\/script>\n<!-- \/ Yoast SEO plugin. -->","yoast_head_json":{"title":"Contact Us - LaFunky -be Funky","description":"Contact Us - You can reach us on any of our contacts! Be Funky! Ask away!","robots":{"index":"index","follow":"follow","max-snippet":"max-snippet:-1","max-image-preview":"max-image-preview:large","max-video-preview":"max-video-preview:-1"},"canonical":"https:\/\/lafunky.com\/en\/contact-us\/","og_locale":"en_US","og_type":"article","og_title":"Contact Us - LaFunky -be Funky","og_description":"Contact Us - You can reach us on any of our contacts! Be Funky! Ask away!","og_url":"https:\/\/lafunky.com\/en\/contact-us\/","og_site_name":"LaFunky","article_publisher":"https:\/\/www.facebook.com\/dekorszertar","article_modified_time":"2023-07-26T14:15:50+00:00","twitter_card":"summary_large_image","twitter_misc":{"Est. reading time":"1 minute"},"schema":{"@context":"https:\/\/schema.org","@graph":[{"@type":"WebPage","@id":"https:\/\/lafunky.com\/en\/contact-us\/","url":"https:\/\/lafunky.com\/en\/contact-us\/","name":"Contact Us - LaFunky -be Funky","isPartOf":{"@id":"https:\/\/lafunky.com\/en\/#website"},"datePublished":"2019-03-11T12:12:43+00:00","dateModified":"2023-07-26T14:15:50+00:00","description":"Contact Us - You can reach us on any of our contacts! Be Funky! Ask away!","breadcrumb":{"@id":"https:\/\/lafunky.com\/en\/contact-us\/#breadcrumb"},"inLanguage":"en-US","potentialAction":[{"@type":"ReadAction","target":["https:\/\/lafunky.com\/en\/contact-us\/"]}]},{"@type":"BreadcrumbList","@id":"https:\/\/lafunky.com\/en\/contact-us\/#breadcrumb","itemListElement":[{"@type":"ListItem","position":1,"name":"F\u0151oldal","item":"https:\/\/lafunky.com\/en\/"},{"@type":"ListItem","position":2,"name":"Contact Us"}]},{"@type":"WebSite","@id":"https:\/\/lafunky.com\/en\/#website","url":"https:\/\/lafunky.com\/en\/","name":"LaFunky","description":"Sometimes Something \/ Izgalmas &amp; Szem\u00e9lyes","publisher":{"@id":"https:\/\/lafunky.com\/en\/#organization"},"potentialAction":[{"@type":"SearchAction","target":{"@type":"EntryPoint","urlTemplate":"https:\/\/lafunky.com\/en\/?s={search_term_string}"},"query-input":{"@type":"PropertyValueSpecification","valueRequired":true,"valueName":"search_term_string"}}],"inLanguage":"en-US"},{"@type":"Organization","@id":"https:\/\/lafunky.com\/en\/#organization","name":"LaFunky","url":"https:\/\/lafunky.com\/en\/","logo":{"@type":"ImageObject","inLanguage":"en-US","@id":"https:\/\/lafunky.com\/en\/#\/schema\/logo\/image\/","url":"https:\/\/lafunky.com\/wp-content\/uploads\/2023\/04\/la_funky_pepe_1_web.png","contentUrl":"https:\/\/lafunky.com\/wp-content\/uploads\/2023\/04\/la_funky_pepe_1_web.png","width":991,"height":324,"caption":"LaFunky"},"image":{"@id":"https:\/\/lafunky.com\/en\/#\/schema\/logo\/image\/"},"sameAs":["https:\/\/www.facebook.com\/dekorszertar","https:\/\/hu.pinterest.com\/dekorszertar\/"]}]}},"_links":{"self":[{"href":"https:\/\/lafunky.com\/en\/wp-json\/wp\/v2\/pages\/3417","targetHints":{"allow":["GET"]}}],"collection":[{"href":"https:\/\/lafunky.com\/en\/wp-json\/wp\/v2\/pages"}],"about":[{"href":"https:\/\/lafunky.com\/en\/wp-json\/wp\/v2\/types\/page"}],"author":[{"embeddable":true,"href":"https:\/\/lafunky.com\/en\/wp-json\/wp\/v2\/users\/1"}],"replies":[{"embeddable":true,"href":"https:\/\/lafunky.com\/en\/wp-json\/wp\/v2\/comments?post=3417"}],"version-history":[{"count":2,"href":"https:\/\/lafunky.com\/en\/wp-json\/wp\/v2\/pages\/3417\/revisions"}],"predecessor-version":[{"id":3419,"href":"https:\/\/lafunky.com\/en\/wp-json\/wp\/v2\/pages\/3417\/revisions\/3419"}],"wp:attachment":[{"href":"https:\/\/lafunky.com\/en\/wp-json\/wp\/v2\/media?parent=3417"}],"curies":[{"name":"wp","href":"https:\/\/api.w.org\/{rel}","templated":true}]}}