{"id":3552,"date":"2019-03-11T14:11:58","date_gmt":"2019-03-11T12:11:58","guid":{"rendered":"https:\/\/lafunky.com\/design-press\/"},"modified":"2026-01-25T15:07:53","modified_gmt":"2026-01-25T13:07:53","slug":"spaces","status":"publish","type":"page","link":"https:\/\/lafunky.com\/en\/spaces\/","title":{"rendered":"Spaces"},"content":{"rendered":"<section class=\"wpb-content-wrapper\"><p>[vc_row][vc_column css=&#8221;.vc_custom_1552933347874{padding-top: 20px !important;}&#8221;][vc_custom_heading text=&#8221;Design Press &#8211; The platform for sharing creativity&#8221; font_container=&#8221;tag:h3|text_align:center&#8221; use_theme_fonts=&#8221;yes&#8221;][\/vc_column][vc_column css=&#8221;.vc_custom_1552933366991{padding-top: 20px !important;}&#8221;][vc_column_text]<br \/>\nFor sharing daily gossips, deep thoughts and creative content in no particular order.<br \/>\n[\/vc_column_text][\/vc_column][\/vc_row][vc_section][vc_row][vc_column][vc_empty_space][vc_empty_space][\/vc_column][\/vc_row][vc_row][vc_column][vc_empty_space]        <div class=\"nm-posts nm-blog-grid\">\r\n            <ul class=\"xsmall-block-grid-1 small-block-grid-1 medium-block-grid-2 large-block-grid-2\">\r\n                            <li class=\"post-3608 post type-post status-publish format-standard has-post-thumbnail hentry category-spaces tag-decor-en tag-design-en tag-individual-en tag-unique-en\">\r\n                                        <div class=\"nm-post-thumbnail\">\r\n                        <a href=\"https:\/\/lafunky.com\/en\/2023\/06\/13\/free-shipping\/\">\r\n                            <img loading=\"lazy\" decoding=\"async\" width=\"2451\" height=\"1417\" src=\"https:\/\/lafunky.com\/wp-content\/uploads\/2023\/06\/street_1.jpg\" class=\"attachment- size- wp-post-image\" alt=\"Hamburgerez\u0151 pultja, retro h\u0171t\u0151vel, t\u00f6lgyfa falburkolattal, m\u00e9szk\u0151 fallal\" srcset=\"https:\/\/lafunky.com\/wp-content\/uploads\/2023\/06\/street_1.jpg 2451w, https:\/\/lafunky.com\/wp-content\/uploads\/2023\/06\/street_1-300x173.jpg 300w, https:\/\/lafunky.com\/wp-content\/uploads\/2023\/06\/street_1-1024x592.jpg 1024w, https:\/\/lafunky.com\/wp-content\/uploads\/2023\/06\/street_1-768x444.jpg 768w, https:\/\/lafunky.com\/wp-content\/uploads\/2023\/06\/street_1-1536x888.jpg 1536w, https:\/\/lafunky.com\/wp-content\/uploads\/2023\/06\/street_1-2048x1184.jpg 2048w, https:\/\/lafunky.com\/wp-content\/uploads\/2023\/06\/street_1-350x202.jpg 350w, https:\/\/lafunky.com\/wp-content\/uploads\/2023\/06\/street_1-480x278.jpg 480w\" sizes=\"auto, (max-width: 2451px) 100vw, 2451px\" \/>                            <div class=\"nm-image-overlay\"><\/div>\r\n                        <\/a>\r\n                    <\/div>\r\n                                        \r\n                    <div class=\"nm-post-meta\">\r\n                        <span>2023.06.13.<\/span>\r\n                    <\/div>\r\n                    \r\n                    <h2 class=\"nm-post-title\"><a href=\"https:\/\/lafunky.com\/en\/2023\/06\/13\/free-shipping\/\">Free Shipping<\/a><\/h2>\r\n                    \r\n                                    <\/li>\r\n                            <li class=\"post-3609 post type-post status-publish format-standard has-post-thumbnail hentry category-spaces tag-design-en tag-furnishings-en tag-furniture-en tag-handmade-en tag-individual-en tag-interior-en tag-unique-en\">\r\n                                        <div class=\"nm-post-thumbnail\">\r\n                        <a href=\"https:\/\/lafunky.com\/en\/2023\/06\/13\/reusable-packaging\/\">\r\n                            <img loading=\"lazy\" decoding=\"async\" width=\"2451\" height=\"1417\" src=\"https:\/\/lafunky.com\/wp-content\/uploads\/2023\/06\/balance_1.jpg\" class=\"attachment- size- wp-post-image\" alt=\"Doh\u00e1nyz\u00f3asztal a kanap\u00e9 el\u0151tt, mellette t\u00e1rgyal\u00f3asztal must\u00e1rsz\u00edn\u0171 sz\u00e9kekkel\" srcset=\"https:\/\/lafunky.com\/wp-content\/uploads\/2023\/06\/balance_1.jpg 2451w, https:\/\/lafunky.com\/wp-content\/uploads\/2023\/06\/balance_1-300x173.jpg 300w, https:\/\/lafunky.com\/wp-content\/uploads\/2023\/06\/balance_1-1024x592.jpg 1024w, https:\/\/lafunky.com\/wp-content\/uploads\/2023\/06\/balance_1-768x444.jpg 768w, https:\/\/lafunky.com\/wp-content\/uploads\/2023\/06\/balance_1-1536x888.jpg 1536w, https:\/\/lafunky.com\/wp-content\/uploads\/2023\/06\/balance_1-2048x1184.jpg 2048w, https:\/\/lafunky.com\/wp-content\/uploads\/2023\/06\/balance_1-350x202.jpg 350w, https:\/\/lafunky.com\/wp-content\/uploads\/2023\/06\/balance_1-480x278.jpg 480w\" sizes=\"auto, (max-width: 2451px) 100vw, 2451px\" \/>                            <div class=\"nm-image-overlay\"><\/div>\r\n                        <\/a>\r\n                    <\/div>\r\n                                        \r\n                    <div class=\"nm-post-meta\">\r\n                        <span>2023.06.13.<\/span>\r\n                    <\/div>\r\n                    \r\n                    <h2 class=\"nm-post-title\"><a href=\"https:\/\/lafunky.com\/en\/2023\/06\/13\/reusable-packaging\/\">Reusable Packaging<\/a><\/h2>\r\n                    \r\n                                    <\/li>\r\n                            <li class=\"post-3610 post type-post status-publish format-standard has-post-thumbnail hentry category-spaces tag-design-en tag-furnishings-en tag-furniture-en tag-individual-en tag-interior-en tag-sustainable-en tag-unique-en-2\">\r\n                                        <div class=\"nm-post-thumbnail\">\r\n                        <a href=\"https:\/\/lafunky.com\/en\/2023\/06\/13\/sustainable\/\">\r\n                            <img loading=\"lazy\" decoding=\"async\" width=\"1228\" height=\"710\" src=\"https:\/\/lafunky.com\/wp-content\/uploads\/2023\/06\/edzoterem_1.jpg\" class=\"attachment- size- wp-post-image\" alt=\"Edz\u0151terem dekor\" srcset=\"https:\/\/lafunky.com\/wp-content\/uploads\/2023\/06\/edzoterem_1.jpg 1228w, https:\/\/lafunky.com\/wp-content\/uploads\/2023\/06\/edzoterem_1-300x173.jpg 300w, https:\/\/lafunky.com\/wp-content\/uploads\/2023\/06\/edzoterem_1-1024x592.jpg 1024w, https:\/\/lafunky.com\/wp-content\/uploads\/2023\/06\/edzoterem_1-768x444.jpg 768w, https:\/\/lafunky.com\/wp-content\/uploads\/2023\/06\/edzoterem_1-350x202.jpg 350w, https:\/\/lafunky.com\/wp-content\/uploads\/2023\/06\/edzoterem_1-480x278.jpg 480w\" sizes=\"auto, (max-width: 1228px) 100vw, 1228px\" \/>                            <div class=\"nm-image-overlay\"><\/div>\r\n                        <\/a>\r\n                    <\/div>\r\n                                        \r\n                    <div class=\"nm-post-meta\">\r\n                        <span>2023.06.13.<\/span>\r\n                    <\/div>\r\n                    \r\n                    <h2 class=\"nm-post-title\"><a href=\"https:\/\/lafunky.com\/en\/2023\/06\/13\/sustainable\/\">Sustainable<\/a><\/h2>\r\n                    \r\n                                    <\/li>\r\n                            <li class=\"post-3611 post type-post status-publish format-standard has-post-thumbnail hentry category-spaces tag-decor-en tag-design-en tag-furnishings-en tag-furniture-en tag-handmade-en tag-individual-en tag-interior-en tag-unique-en\">\r\n                                        <div class=\"nm-post-thumbnail\">\r\n                        <a href=\"https:\/\/lafunky.com\/en\/2023\/06\/13\/handmade\/\">\r\n                            <img loading=\"lazy\" decoding=\"async\" width=\"2451\" height=\"1417\" src=\"https:\/\/lafunky.com\/wp-content\/uploads\/2023\/06\/oldsoul_1.jpg\" class=\"attachment- size- wp-post-image\" alt=\"L\u00e9pcs\u0151felj\u00e1rat, el\u0151tte t\u00f6m\u00f6rfa asztal \u00e9s fekete k\u00e9zzelfestett Mannequinl\u00e1mpa\" srcset=\"https:\/\/lafunky.com\/wp-content\/uploads\/2023\/06\/oldsoul_1.jpg 2451w, https:\/\/lafunky.com\/wp-content\/uploads\/2023\/06\/oldsoul_1-300x173.jpg 300w, https:\/\/lafunky.com\/wp-content\/uploads\/2023\/06\/oldsoul_1-1024x592.jpg 1024w, https:\/\/lafunky.com\/wp-content\/uploads\/2023\/06\/oldsoul_1-768x444.jpg 768w, https:\/\/lafunky.com\/wp-content\/uploads\/2023\/06\/oldsoul_1-1536x888.jpg 1536w, https:\/\/lafunky.com\/wp-content\/uploads\/2023\/06\/oldsoul_1-2048x1184.jpg 2048w, https:\/\/lafunky.com\/wp-content\/uploads\/2023\/06\/oldsoul_1-350x202.jpg 350w, https:\/\/lafunky.com\/wp-content\/uploads\/2023\/06\/oldsoul_1-480x278.jpg 480w\" sizes=\"auto, (max-width: 2451px) 100vw, 2451px\" \/>                            <div class=\"nm-image-overlay\"><\/div>\r\n                        <\/a>\r\n                    <\/div>\r\n                                        \r\n                    <div class=\"nm-post-meta\">\r\n                        <span>2023.06.13.<\/span>\r\n                    <\/div>\r\n                    \r\n                    <h2 class=\"nm-post-title\"><a href=\"https:\/\/lafunky.com\/en\/2023\/06\/13\/handmade\/\">Handmade<\/a><\/h2>\r\n                    \r\n                                    <\/li>\r\n                            <li class=\"post-3612 post type-post status-publish format-standard has-post-thumbnail hentry category-spaces tag-design-en tag-individual-en tag-interior-en tag-unique-en\">\r\n                                        <div class=\"nm-post-thumbnail\">\r\n                        <a href=\"https:\/\/lafunky.com\/en\/2023\/06\/13\/custom-design\/\">\r\n                            <img loading=\"lazy\" decoding=\"async\" width=\"2451\" height=\"1418\" src=\"https:\/\/lafunky.com\/wp-content\/uploads\/2023\/06\/bohem_1.jpg\" class=\"attachment- size- wp-post-image\" alt=\"\u00c9tterem absztarakt \u00e9s fekete burkolat\u00fa pultja, h\u00e1tt\u00e9rben funky   n\u0151t \u00e9br\u00e1zol\u00f3 egyedi tap\u00e9t\u00e1val \u00e9s sz\u00ednes streetart form\u00e1kkal\" srcset=\"https:\/\/lafunky.com\/wp-content\/uploads\/2023\/06\/bohem_1.jpg 2451w, https:\/\/lafunky.com\/wp-content\/uploads\/2023\/06\/bohem_1-300x174.jpg 300w, https:\/\/lafunky.com\/wp-content\/uploads\/2023\/06\/bohem_1-1024x592.jpg 1024w, https:\/\/lafunky.com\/wp-content\/uploads\/2023\/06\/bohem_1-768x444.jpg 768w, https:\/\/lafunky.com\/wp-content\/uploads\/2023\/06\/bohem_1-1536x889.jpg 1536w, https:\/\/lafunky.com\/wp-content\/uploads\/2023\/06\/bohem_1-2048x1185.jpg 2048w, https:\/\/lafunky.com\/wp-content\/uploads\/2023\/06\/bohem_1-350x202.jpg 350w, https:\/\/lafunky.com\/wp-content\/uploads\/2023\/06\/bohem_1-480x278.jpg 480w\" sizes=\"auto, (max-width: 2451px) 100vw, 2451px\" \/>                            <div class=\"nm-image-overlay\"><\/div>\r\n                        <\/a>\r\n                    <\/div>\r\n                                        \r\n                    <div class=\"nm-post-meta\">\r\n                        <span>2023.06.13.<\/span>\r\n                    <\/div>\r\n                    \r\n                    <h2 class=\"nm-post-title\"><a href=\"https:\/\/lafunky.com\/en\/2023\/06\/13\/custom-design\/\">Custom Design<\/a><\/h2>\r\n                    \r\n                                    <\/li>\r\n                            <li class=\"post-3613 post type-post status-publish format-standard has-post-thumbnail hentry category-spaces tag-collage-picture-en tag-design-stuff-en tag-individual-interior-en tag-interior-en tag-partnership-en tag-unique-en\">\r\n                                        <div class=\"nm-post-thumbnail\">\r\n                        <a href=\"https:\/\/lafunky.com\/en\/2022\/12\/15\/do-you-want-a-completely-unique-design-for-your-home-or-workspace\/\">\r\n                            <img loading=\"lazy\" decoding=\"async\" width=\"2450\" height=\"1418\" src=\"https:\/\/lafunky.com\/wp-content\/uploads\/2022\/12\/boulvart_1.jpg\" class=\"attachment- size- wp-post-image\" alt=\"Kocsma homlokzata, t\u00e9gl\u00e1val \u00e9s egyedi design mot\u00edvumokkal\" srcset=\"https:\/\/lafunky.com\/wp-content\/uploads\/2022\/12\/boulvart_1.jpg 2450w, https:\/\/lafunky.com\/wp-content\/uploads\/2022\/12\/boulvart_1-300x174.jpg 300w, https:\/\/lafunky.com\/wp-content\/uploads\/2022\/12\/boulvart_1-1024x593.jpg 1024w, https:\/\/lafunky.com\/wp-content\/uploads\/2022\/12\/boulvart_1-768x444.jpg 768w, https:\/\/lafunky.com\/wp-content\/uploads\/2022\/12\/boulvart_1-1536x889.jpg 1536w, https:\/\/lafunky.com\/wp-content\/uploads\/2022\/12\/boulvart_1-2048x1185.jpg 2048w, https:\/\/lafunky.com\/wp-content\/uploads\/2022\/12\/boulvart_1-350x203.jpg 350w, https:\/\/lafunky.com\/wp-content\/uploads\/2022\/12\/boulvart_1-480x278.jpg 480w\" sizes=\"auto, (max-width: 2450px) 100vw, 2450px\" \/>                            <div class=\"nm-image-overlay\"><\/div>\r\n                        <\/a>\r\n                    <\/div>\r\n                                        \r\n                    <div class=\"nm-post-meta\">\r\n                        <span>2022.12.15.<\/span>\r\n                    <\/div>\r\n                    \r\n                    <h2 class=\"nm-post-title\"><a href=\"https:\/\/lafunky.com\/en\/2022\/12\/15\/do-you-want-a-completely-unique-design-for-your-home-or-workspace\/\">Do you want a completely unique design for your home or workspace?<\/a><\/h2>\r\n                    \r\n                                    <\/li>\r\n                            <li class=\"post-3614 post type-post status-publish format-standard has-post-thumbnail hentry category-spaces tag-contact-en tag-creativity-en tag-decorator-en tag-interior-designer-en tag-oil-barrel-en tag-wall-art-en\">\r\n                                        <div class=\"nm-post-thumbnail\">\r\n                        <a href=\"https:\/\/lafunky.com\/en\/2022\/12\/15\/are-you-an-architecht-or-an-interior-designer\/\">\r\n                            <img loading=\"lazy\" decoding=\"async\" width=\"2450\" height=\"1417\" src=\"https:\/\/lafunky.com\/wp-content\/uploads\/2022\/12\/chicago_1.jpg\" class=\"attachment- size- wp-post-image\" alt=\"A szesztilalom hangulat\u00e1t id\u00e9z\u0151 darts pub, enteri\u0151rje\" srcset=\"https:\/\/lafunky.com\/wp-content\/uploads\/2022\/12\/chicago_1.jpg 2450w, https:\/\/lafunky.com\/wp-content\/uploads\/2022\/12\/chicago_1-300x174.jpg 300w, https:\/\/lafunky.com\/wp-content\/uploads\/2022\/12\/chicago_1-1024x592.jpg 1024w, https:\/\/lafunky.com\/wp-content\/uploads\/2022\/12\/chicago_1-768x444.jpg 768w, https:\/\/lafunky.com\/wp-content\/uploads\/2022\/12\/chicago_1-1536x888.jpg 1536w, https:\/\/lafunky.com\/wp-content\/uploads\/2022\/12\/chicago_1-2048x1184.jpg 2048w, https:\/\/lafunky.com\/wp-content\/uploads\/2022\/12\/chicago_1-350x202.jpg 350w, https:\/\/lafunky.com\/wp-content\/uploads\/2022\/12\/chicago_1-480x278.jpg 480w\" sizes=\"auto, (max-width: 2450px) 100vw, 2450px\" \/>                            <div class=\"nm-image-overlay\"><\/div>\r\n                        <\/a>\r\n                    <\/div>\r\n                                        \r\n                    <div class=\"nm-post-meta\">\r\n                        <span>2022.12.15.<\/span>\r\n                    <\/div>\r\n                    \r\n                    <h2 class=\"nm-post-title\"><a href=\"https:\/\/lafunky.com\/en\/2022\/12\/15\/are-you-an-architecht-or-an-interior-designer\/\">Are you an architecht or an interior designer?<\/a><\/h2>\r\n                    \r\n                                    <\/li>\r\n                        <\/ul>\r\n        <\/div>\r\n        [vc_empty_space height=&#8221;50px&#8221;][\/vc_column][\/vc_row][\/vc_section][vc_row disable_element=&#8221;yes&#8221; css=&#8221;.vc_custom_1631180878458{margin-top: 20px !important;margin-bottom: 20px !important;}&#8221;][vc_column width=&#8221;2\/3&#8243;][vc_video link=&#8221;https:\/\/www.youtube.com\/watch?v=afwMZzXNRZg&#8221;][vc_row_inner][vc_column_inner][\/vc_column_inner][\/vc_row_inner][\/vc_column][vc_column width=&#8221;1\/3&#8243;][vc_tta_accordion][vc_tta_section title=&#8221;Section 1&#8243; tab_id=&#8221;1552933090567-8bed4215-5315&#8243;][vc_column_text]I am text block. Click edit button to change this text. Lorem ipsum dolor sit amet, consectetur adipiscing elit. Ut elit tellus, luctus nec ullamcorper mattis, pulvinar dapibus leo.[\/vc_column_text][\/vc_tta_section][vc_tta_section title=&#8221;Section 2&#8243; tab_id=&#8221;1552933090583-b6422dde-c7c3&#8243;][vc_column_text]I am text block. Click edit button to change this text. Lorem ipsum dolor sit amet, consectetur adipiscing elit. Ut elit tellus, luctus nec ullamcorper mattis, pulvinar dapibus leo.[\/vc_column_text][\/vc_tta_section][vc_tta_section title=&#8221;Section 3&#8243; tab_id=&#8221;1552934457648-7a1b3228-3c0e&#8221;][vc_column_text]I am text block. Click edit button to change this text. Lorem ipsum dolor sit amet, consectetur adipiscing elit. Ut elit tellus, luctus nec ullamcorper mattis, pulvinar dapibus leo.[\/vc_column_text][\/vc_tta_section][\/vc_tta_accordion][\/vc_column][\/vc_row]<\/p>\n<\/section>","protected":false},"excerpt":{"rendered":"<p>[vc_row][vc_column css=&#8221;.vc_custom_1552933347874{padding-top: 20px !important;}&#8221;][vc_custom_heading text=&#8221;Design Press &#8211; The platform for sharing creativity&#8221; font_container=&#8221;tag:h3|text_align:center&#8221; use_theme_fonts=&#8221;yes&#8221;][\/vc_column][vc_column css=&#8221;.vc_custom_1552933366991{padding-top: 20px !important;}&#8221;][vc_column_text] For sharing daily gossips, deep thoughts and creative content in no particular order. [\/vc_column_text][\/vc_column][\/vc_row][vc_section][vc_row][vc_column][vc_empty_space][vc_empty_space][\/vc_column][\/vc_row][vc_row][vc_column][vc_empty_space][vc_empty_space height=&#8221;50px&#8221;][\/vc_column][\/vc_row][\/vc_section][vc_row disable_element=&#8221;yes&#8221; css=&#8221;.vc_custom_1631180878458{margin-top: 20px !important;margin-bottom: 20px !important;}&#8221;][vc_column width=&#8221;2\/3&#8243;][vc_video link=&#8221;https:\/\/www.youtube.com\/watch?v=afwMZzXNRZg&#8221;][vc_row_inner][vc_column_inner][\/vc_column_inner][\/vc_row_inner][\/vc_column][vc_column width=&#8221;1\/3&#8243;][vc_tta_accordion][vc_tta_section title=&#8221;Section 1&#8243; tab_id=&#8221;1552933090567-8bed4215-5315&#8243;][vc_column_text]I am text block. Click edit button to change this text. Lorem &hellip;<\/p>\n","protected":false},"author":1,"featured_media":0,"parent":0,"menu_order":0,"comment_status":"closed","ping_status":"closed","template":"","meta":{"footnotes":""},"class_list":["post-3552","page","type-page","status-publish","hentry"],"yoast_head":"<!-- This site is optimized with the Yoast SEO plugin v26.8 - https:\/\/yoast.com\/product\/yoast-seo-wordpress\/ -->\n<title>Design Press - LaFunky<\/title>\n<meta name=\"description\" content=\"Design Press - Our own inside platform for sharing sneak peeks, content, inspiration for interior design and creativity.\" \/>\n<meta name=\"robots\" content=\"index, follow, max-snippet:-1, max-image-preview:large, max-video-preview:-1\" \/>\n<link rel=\"canonical\" href=\"https:\/\/lafunky.com\/en\/spaces\/\" \/>\n<meta property=\"og:locale\" content=\"en_US\" \/>\n<meta property=\"og:type\" content=\"article\" \/>\n<meta property=\"og:title\" content=\"Design Press - LaFunky\" \/>\n<meta property=\"og:description\" content=\"Design Press - Our own inside platform for sharing sneak peeks, content, inspiration for interior design and creativity.\" \/>\n<meta property=\"og:url\" content=\"https:\/\/lafunky.com\/en\/spaces\/\" \/>\n<meta property=\"og:site_name\" content=\"LaFunky\" \/>\n<meta property=\"article:publisher\" content=\"https:\/\/www.facebook.com\/dekorszertar\" \/>\n<meta property=\"article:modified_time\" content=\"2026-01-25T13:07:53+00:00\" \/>\n<meta name=\"twitter:card\" content=\"summary_large_image\" \/>\n<meta name=\"twitter:label1\" content=\"Est. reading time\" \/>\n\t<meta name=\"twitter:data1\" content=\"1 minute\" \/>\n<script type=\"application\/ld+json\" class=\"yoast-schema-graph\">{\"@context\":\"https:\/\/schema.org\",\"@graph\":[{\"@type\":\"WebPage\",\"@id\":\"https:\/\/lafunky.com\/en\/spaces\/\",\"url\":\"https:\/\/lafunky.com\/en\/spaces\/\",\"name\":\"Design Press - LaFunky\",\"isPartOf\":{\"@id\":\"https:\/\/lafunky.com\/en\/#website\"},\"datePublished\":\"2019-03-11T12:11:58+00:00\",\"dateModified\":\"2026-01-25T13:07:53+00:00\",\"description\":\"Design Press - Our own inside platform for sharing sneak peeks, content, inspiration for interior design and creativity.\",\"breadcrumb\":{\"@id\":\"https:\/\/lafunky.com\/en\/spaces\/#breadcrumb\"},\"inLanguage\":\"en-US\",\"potentialAction\":[{\"@type\":\"ReadAction\",\"target\":[\"https:\/\/lafunky.com\/en\/spaces\/\"]}]},{\"@type\":\"BreadcrumbList\",\"@id\":\"https:\/\/lafunky.com\/en\/spaces\/#breadcrumb\",\"itemListElement\":[{\"@type\":\"ListItem\",\"position\":1,\"name\":\"F\u0151oldal\",\"item\":\"https:\/\/lafunky.com\/en\/\"},{\"@type\":\"ListItem\",\"position\":2,\"name\":\"Spaces\"}]},{\"@type\":\"WebSite\",\"@id\":\"https:\/\/lafunky.com\/en\/#website\",\"url\":\"https:\/\/lafunky.com\/en\/\",\"name\":\"LaFunky\",\"description\":\"Sometimes Something \/ Izgalmas &amp; Szem\u00e9lyes\",\"publisher\":{\"@id\":\"https:\/\/lafunky.com\/en\/#organization\"},\"potentialAction\":[{\"@type\":\"SearchAction\",\"target\":{\"@type\":\"EntryPoint\",\"urlTemplate\":\"https:\/\/lafunky.com\/en\/?s={search_term_string}\"},\"query-input\":{\"@type\":\"PropertyValueSpecification\",\"valueRequired\":true,\"valueName\":\"search_term_string\"}}],\"inLanguage\":\"en-US\"},{\"@type\":\"Organization\",\"@id\":\"https:\/\/lafunky.com\/en\/#organization\",\"name\":\"LaFunky\",\"url\":\"https:\/\/lafunky.com\/en\/\",\"logo\":{\"@type\":\"ImageObject\",\"inLanguage\":\"en-US\",\"@id\":\"https:\/\/lafunky.com\/en\/#\/schema\/logo\/image\/\",\"url\":\"https:\/\/lafunky.com\/wp-content\/uploads\/2023\/04\/la_funky_pepe_1_web.png\",\"contentUrl\":\"https:\/\/lafunky.com\/wp-content\/uploads\/2023\/04\/la_funky_pepe_1_web.png\",\"width\":991,\"height\":324,\"caption\":\"LaFunky\"},\"image\":{\"@id\":\"https:\/\/lafunky.com\/en\/#\/schema\/logo\/image\/\"},\"sameAs\":[\"https:\/\/www.facebook.com\/dekorszertar\",\"https:\/\/hu.pinterest.com\/dekorszertar\/\"]}]}<\/script>\n<!-- \/ Yoast SEO plugin. -->","yoast_head_json":{"title":"Design Press - LaFunky","description":"Design Press - Our own inside platform for sharing sneak peeks, content, inspiration for interior design and creativity.","robots":{"index":"index","follow":"follow","max-snippet":"max-snippet:-1","max-image-preview":"max-image-preview:large","max-video-preview":"max-video-preview:-1"},"canonical":"https:\/\/lafunky.com\/en\/spaces\/","og_locale":"en_US","og_type":"article","og_title":"Design Press - LaFunky","og_description":"Design Press - Our own inside platform for sharing sneak peeks, content, inspiration for interior design and creativity.","og_url":"https:\/\/lafunky.com\/en\/spaces\/","og_site_name":"LaFunky","article_publisher":"https:\/\/www.facebook.com\/dekorszertar","article_modified_time":"2026-01-25T13:07:53+00:00","twitter_card":"summary_large_image","twitter_misc":{"Est. reading time":"1 minute"},"schema":{"@context":"https:\/\/schema.org","@graph":[{"@type":"WebPage","@id":"https:\/\/lafunky.com\/en\/spaces\/","url":"https:\/\/lafunky.com\/en\/spaces\/","name":"Design Press - LaFunky","isPartOf":{"@id":"https:\/\/lafunky.com\/en\/#website"},"datePublished":"2019-03-11T12:11:58+00:00","dateModified":"2026-01-25T13:07:53+00:00","description":"Design Press - Our own inside platform for sharing sneak peeks, content, inspiration for interior design and creativity.","breadcrumb":{"@id":"https:\/\/lafunky.com\/en\/spaces\/#breadcrumb"},"inLanguage":"en-US","potentialAction":[{"@type":"ReadAction","target":["https:\/\/lafunky.com\/en\/spaces\/"]}]},{"@type":"BreadcrumbList","@id":"https:\/\/lafunky.com\/en\/spaces\/#breadcrumb","itemListElement":[{"@type":"ListItem","position":1,"name":"F\u0151oldal","item":"https:\/\/lafunky.com\/en\/"},{"@type":"ListItem","position":2,"name":"Spaces"}]},{"@type":"WebSite","@id":"https:\/\/lafunky.com\/en\/#website","url":"https:\/\/lafunky.com\/en\/","name":"LaFunky","description":"Sometimes Something \/ Izgalmas &amp; Szem\u00e9lyes","publisher":{"@id":"https:\/\/lafunky.com\/en\/#organization"},"potentialAction":[{"@type":"SearchAction","target":{"@type":"EntryPoint","urlTemplate":"https:\/\/lafunky.com\/en\/?s={search_term_string}"},"query-input":{"@type":"PropertyValueSpecification","valueRequired":true,"valueName":"search_term_string"}}],"inLanguage":"en-US"},{"@type":"Organization","@id":"https:\/\/lafunky.com\/en\/#organization","name":"LaFunky","url":"https:\/\/lafunky.com\/en\/","logo":{"@type":"ImageObject","inLanguage":"en-US","@id":"https:\/\/lafunky.com\/en\/#\/schema\/logo\/image\/","url":"https:\/\/lafunky.com\/wp-content\/uploads\/2023\/04\/la_funky_pepe_1_web.png","contentUrl":"https:\/\/lafunky.com\/wp-content\/uploads\/2023\/04\/la_funky_pepe_1_web.png","width":991,"height":324,"caption":"LaFunky"},"image":{"@id":"https:\/\/lafunky.com\/en\/#\/schema\/logo\/image\/"},"sameAs":["https:\/\/www.facebook.com\/dekorszertar","https:\/\/hu.pinterest.com\/dekorszertar\/"]}]}},"_links":{"self":[{"href":"https:\/\/lafunky.com\/en\/wp-json\/wp\/v2\/pages\/3552","targetHints":{"allow":["GET"]}}],"collection":[{"href":"https:\/\/lafunky.com\/en\/wp-json\/wp\/v2\/pages"}],"about":[{"href":"https:\/\/lafunky.com\/en\/wp-json\/wp\/v2\/types\/page"}],"author":[{"embeddable":true,"href":"https:\/\/lafunky.com\/en\/wp-json\/wp\/v2\/users\/1"}],"replies":[{"embeddable":true,"href":"https:\/\/lafunky.com\/en\/wp-json\/wp\/v2\/comments?post=3552"}],"version-history":[{"count":3,"href":"https:\/\/lafunky.com\/en\/wp-json\/wp\/v2\/pages\/3552\/revisions"}],"predecessor-version":[{"id":5078,"href":"https:\/\/lafunky.com\/en\/wp-json\/wp\/v2\/pages\/3552\/revisions\/5078"}],"wp:attachment":[{"href":"https:\/\/lafunky.com\/en\/wp-json\/wp\/v2\/media?parent=3552"}],"curies":[{"name":"wp","href":"https:\/\/api.w.org\/{rel}","templated":true}]}}