{"id":3400,"date":"2023-02-06T10:37:50","date_gmt":"2023-02-06T08:37:50","guid":{"rendered":"https:\/\/lafunky.com\/shop\/uncategorized\/ikaros-mannequin-lamp\/"},"modified":"2024-05-27T18:09:31","modified_gmt":"2024-05-27T16:09:31","slug":"ikaros-mannquin-lamp","status":"publish","type":"product","link":"https:\/\/lafunky.com\/en\/shop\/objects-en\/ikaros-mannquin-lamp\/","title":{"rendered":"Ikaros \/ Mannequin lamp"},"content":{"rendered":"<p><strong>Dignity and beauty sculpted into a radiant shape<\/strong><\/p>\n<p>Our <em><strong>Impulse<\/strong> <\/em>collection represents our profound love for design accessories infused with personality. Each piece is meticulously crafted to create a captivating and unparalleled visual experience.<\/p>\n<p>&nbsp;<\/p>\n<p><strong>Introducing Ikaros &#8211; The one whose head is always in the clouds<\/strong><\/p>\n<p>An extraordinary Mannequin Lamp that combines art and illumination. Handmade with meticulous craftsmanship, this upcycled masterpiece showcases an unique design inspired by artist of the street. Ikaros is a one-of-a-kind creation, adding a touch of urban sophistication to any space.<\/p>\n<p>He is not just a source of light; he&#8217;s a work of art. Crafted with passion and attention to detail, it embodies the essence of creativity and sustainability. The upcycled materials are transformed into a striking piece that brings a sense of style and originality to your environment.<\/p>\n<p>With its captivating design, Ikaros stands out as a statement piece in any room. Its street artstyle decoration adds an urban edge, creating an atmosphere that sparks\u00a0 conversations and fuels your imagination. Whether used as a decorative accent or a functional light source, he brings an artistic flair to your space.<\/p>\n<p>Experience the beauty of handmade craftsmanship combined with a passion for self-expression! Elevate your decor with this exceptional piece that embodies style, individuality, and sustainability!<\/p>\n<p>Choose <strong>Ikaros<\/strong> and let its distinctive design light up your space in a truly remarkable way!<\/p>\n<p>&nbsp;<\/p>\n<p><strong>Main features:<\/strong><\/p>\n<ul>\n<li><strong>Environment friendly<\/strong> &#8211; Made from recycled materials for a touch on sustainability.<\/li>\n<li><strong>Custom made &#8211; <\/strong>Handcrafted with meticulous attention to detail.<\/li>\n<li><strong>Functional &#8211;\u00a0<\/strong>Even though they are decor items, our <em><strong>mannequin lamps<\/strong><\/em> are able to function as interior lighting.<\/li>\n<li><strong>Unique design<\/strong> &#8211; Every piece is one of a kind. We do not create the same thing twice.<\/li>\n<li><strong>Reusable packaging<\/strong> &#8211; We designed the packaging for each of our products\u00a0 to be durable and usable even after shipping.<\/li>\n<\/ul>\n","protected":false},"excerpt":{"rendered":"<p>Ikaros splashed into the world of angels just like that. No one&#8217;s light can outshine his own.<\/p>\n","protected":false},"featured_media":5066,"template":"","meta":[],"product_brand":[],"product_cat":[294],"product_tag":[297,398,347],"class_list":{"0":"post-3400","1":"product","2":"type-product","3":"status-publish","4":"has-post-thumbnail","6":"product_cat-objects-en","7":"product_tag-floor-lamp-en-2","8":"product_tag-handmade-en","9":"product_tag-industrial-lamp","11":"first","12":"instock","13":"sold-individually","14":"taxable","15":"shipping-taxable","16":"purchasable","17":"product-type-simple"},"yoast_head":"<!-- This site is optimized with the Yoast SEO plugin v26.8 - https:\/\/yoast.com\/product\/yoast-seo-wordpress\/ -->\n<title>Mannequin lamp - LaFunky - Impulse<\/title>\n<meta name=\"description\" content=\"Handmade home decor mannequin lamp with unique and colorful design made from upcycled materials for sustainability and environent friendly decoration\" \/>\n<meta name=\"robots\" content=\"index, follow, max-snippet:-1, max-image-preview:large, max-video-preview:-1\" \/>\n<link rel=\"canonical\" href=\"https:\/\/lafunky.com\/en\/shop\/objects-en\/ikaros-mannquin-lamp\/\" \/>\n<meta property=\"og:locale\" content=\"en_US\" \/>\n<meta property=\"og:type\" content=\"article\" \/>\n<meta property=\"og:title\" content=\"Mannequin lamp - LaFunky - Impulse\" \/>\n<meta property=\"og:description\" content=\"Handmade home decor mannequin lamp with unique and colorful design made from upcycled materials for sustainability and environent friendly decoration\" \/>\n<meta property=\"og:url\" content=\"https:\/\/lafunky.com\/en\/shop\/objects-en\/ikaros-mannquin-lamp\/\" \/>\n<meta property=\"og:site_name\" content=\"LaFunky\" \/>\n<meta property=\"article:publisher\" content=\"https:\/\/www.facebook.com\/dekorszertar\" \/>\n<meta property=\"article:modified_time\" content=\"2024-05-27T16:09:31+00:00\" \/>\n<meta property=\"og:image\" content=\"https:\/\/lafunky.com\/wp-content\/uploads\/2023\/02\/scooter_1-1.jpg\" \/>\n\t<meta property=\"og:image:width\" content=\"2044\" \/>\n\t<meta property=\"og:image:height\" content=\"2560\" \/>\n\t<meta property=\"og:image:type\" content=\"image\/jpeg\" \/>\n<meta name=\"twitter:card\" content=\"summary_large_image\" \/>\n<meta name=\"twitter:label1\" content=\"Est. reading time\" \/>\n\t<meta name=\"twitter:data1\" content=\"2 minutes\" \/>\n<script type=\"application\/ld+json\" class=\"yoast-schema-graph\">{\"@context\":\"https:\/\/schema.org\",\"@graph\":[{\"@type\":\"WebPage\",\"@id\":\"https:\/\/lafunky.com\/en\/shop\/objects-en\/ikaros-mannquin-lamp\/\",\"url\":\"https:\/\/lafunky.com\/en\/shop\/objects-en\/ikaros-mannquin-lamp\/\",\"name\":\"Mannequin lamp - LaFunky - Impulse\",\"isPartOf\":{\"@id\":\"https:\/\/lafunky.com\/en\/#website\"},\"primaryImageOfPage\":{\"@id\":\"https:\/\/lafunky.com\/en\/shop\/objects-en\/ikaros-mannquin-lamp\/#primaryimage\"},\"image\":{\"@id\":\"https:\/\/lafunky.com\/en\/shop\/objects-en\/ikaros-mannquin-lamp\/#primaryimage\"},\"thumbnailUrl\":\"https:\/\/lafunky.com\/wp-content\/uploads\/2023\/02\/scooter_1-1.jpg\",\"datePublished\":\"2023-02-06T08:37:50+00:00\",\"dateModified\":\"2024-05-27T16:09:31+00:00\",\"description\":\"Handmade home decor mannequin lamp with unique and colorful design made from upcycled materials for sustainability and environent friendly decoration\",\"breadcrumb\":{\"@id\":\"https:\/\/lafunky.com\/en\/shop\/objects-en\/ikaros-mannquin-lamp\/#breadcrumb\"},\"inLanguage\":\"en-US\",\"potentialAction\":[{\"@type\":\"ReadAction\",\"target\":[\"https:\/\/lafunky.com\/en\/shop\/objects-en\/ikaros-mannquin-lamp\/\"]}]},{\"@type\":\"ImageObject\",\"inLanguage\":\"en-US\",\"@id\":\"https:\/\/lafunky.com\/en\/shop\/objects-en\/ikaros-mannquin-lamp\/#primaryimage\",\"url\":\"https:\/\/lafunky.com\/wp-content\/uploads\/2023\/02\/scooter_1-1.jpg\",\"contentUrl\":\"https:\/\/lafunky.com\/wp-content\/uploads\/2023\/02\/scooter_1-1.jpg\",\"width\":2044,\"height\":2560,\"caption\":\"Karakteres, m\u00e9retes, egyedi tervez\u00e9s\u0171 ipari tripodl\u00e1mpa, hatalmas b\u00far\u00e1val\"},{\"@type\":\"BreadcrumbList\",\"@id\":\"https:\/\/lafunky.com\/en\/shop\/objects-en\/ikaros-mannquin-lamp\/#breadcrumb\",\"itemListElement\":[{\"@type\":\"ListItem\",\"position\":1,\"name\":\"F\u0151oldal\",\"item\":\"https:\/\/lafunky.com\/en\/\"},{\"@type\":\"ListItem\",\"position\":2,\"name\":\"Shop\",\"item\":\"https:\/\/lafunky.com\/en\/shop\/\"},{\"@type\":\"ListItem\",\"position\":3,\"name\":\"Ikaros \/ Mannequin lamp\"}]},{\"@type\":\"WebSite\",\"@id\":\"https:\/\/lafunky.com\/en\/#website\",\"url\":\"https:\/\/lafunky.com\/en\/\",\"name\":\"LaFunky\",\"description\":\"Sometimes Something \/ Izgalmas &amp; Szem\u00e9lyes\",\"publisher\":{\"@id\":\"https:\/\/lafunky.com\/en\/#organization\"},\"potentialAction\":[{\"@type\":\"SearchAction\",\"target\":{\"@type\":\"EntryPoint\",\"urlTemplate\":\"https:\/\/lafunky.com\/en\/?s={search_term_string}\"},\"query-input\":{\"@type\":\"PropertyValueSpecification\",\"valueRequired\":true,\"valueName\":\"search_term_string\"}}],\"inLanguage\":\"en-US\"},{\"@type\":\"Organization\",\"@id\":\"https:\/\/lafunky.com\/en\/#organization\",\"name\":\"LaFunky\",\"url\":\"https:\/\/lafunky.com\/en\/\",\"logo\":{\"@type\":\"ImageObject\",\"inLanguage\":\"en-US\",\"@id\":\"https:\/\/lafunky.com\/en\/#\/schema\/logo\/image\/\",\"url\":\"https:\/\/lafunky.com\/wp-content\/uploads\/2023\/04\/la_funky_pepe_1_web.png\",\"contentUrl\":\"https:\/\/lafunky.com\/wp-content\/uploads\/2023\/04\/la_funky_pepe_1_web.png\",\"width\":991,\"height\":324,\"caption\":\"LaFunky\"},\"image\":{\"@id\":\"https:\/\/lafunky.com\/en\/#\/schema\/logo\/image\/\"},\"sameAs\":[\"https:\/\/www.facebook.com\/dekorszertar\",\"https:\/\/hu.pinterest.com\/dekorszertar\/\"]}]}<\/script>\n<!-- \/ Yoast SEO plugin. -->","yoast_head_json":{"title":"Mannequin lamp - LaFunky - Impulse","description":"Handmade home decor mannequin lamp with unique and colorful design made from upcycled materials for sustainability and environent friendly decoration","robots":{"index":"index","follow":"follow","max-snippet":"max-snippet:-1","max-image-preview":"max-image-preview:large","max-video-preview":"max-video-preview:-1"},"canonical":"https:\/\/lafunky.com\/en\/shop\/objects-en\/ikaros-mannquin-lamp\/","og_locale":"en_US","og_type":"article","og_title":"Mannequin lamp - LaFunky - Impulse","og_description":"Handmade home decor mannequin lamp with unique and colorful design made from upcycled materials for sustainability and environent friendly decoration","og_url":"https:\/\/lafunky.com\/en\/shop\/objects-en\/ikaros-mannquin-lamp\/","og_site_name":"LaFunky","article_publisher":"https:\/\/www.facebook.com\/dekorszertar","article_modified_time":"2024-05-27T16:09:31+00:00","og_image":[{"width":2044,"height":2560,"url":"https:\/\/lafunky.com\/wp-content\/uploads\/2023\/02\/scooter_1-1.jpg","type":"image\/jpeg"}],"twitter_card":"summary_large_image","twitter_misc":{"Est. reading time":"2 minutes"},"schema":{"@context":"https:\/\/schema.org","@graph":[{"@type":"WebPage","@id":"https:\/\/lafunky.com\/en\/shop\/objects-en\/ikaros-mannquin-lamp\/","url":"https:\/\/lafunky.com\/en\/shop\/objects-en\/ikaros-mannquin-lamp\/","name":"Mannequin lamp - LaFunky - Impulse","isPartOf":{"@id":"https:\/\/lafunky.com\/en\/#website"},"primaryImageOfPage":{"@id":"https:\/\/lafunky.com\/en\/shop\/objects-en\/ikaros-mannquin-lamp\/#primaryimage"},"image":{"@id":"https:\/\/lafunky.com\/en\/shop\/objects-en\/ikaros-mannquin-lamp\/#primaryimage"},"thumbnailUrl":"https:\/\/lafunky.com\/wp-content\/uploads\/2023\/02\/scooter_1-1.jpg","datePublished":"2023-02-06T08:37:50+00:00","dateModified":"2024-05-27T16:09:31+00:00","description":"Handmade home decor mannequin lamp with unique and colorful design made from upcycled materials for sustainability and environent friendly decoration","breadcrumb":{"@id":"https:\/\/lafunky.com\/en\/shop\/objects-en\/ikaros-mannquin-lamp\/#breadcrumb"},"inLanguage":"en-US","potentialAction":[{"@type":"ReadAction","target":["https:\/\/lafunky.com\/en\/shop\/objects-en\/ikaros-mannquin-lamp\/"]}]},{"@type":"ImageObject","inLanguage":"en-US","@id":"https:\/\/lafunky.com\/en\/shop\/objects-en\/ikaros-mannquin-lamp\/#primaryimage","url":"https:\/\/lafunky.com\/wp-content\/uploads\/2023\/02\/scooter_1-1.jpg","contentUrl":"https:\/\/lafunky.com\/wp-content\/uploads\/2023\/02\/scooter_1-1.jpg","width":2044,"height":2560,"caption":"Karakteres, m\u00e9retes, egyedi tervez\u00e9s\u0171 ipari tripodl\u00e1mpa, hatalmas b\u00far\u00e1val"},{"@type":"BreadcrumbList","@id":"https:\/\/lafunky.com\/en\/shop\/objects-en\/ikaros-mannquin-lamp\/#breadcrumb","itemListElement":[{"@type":"ListItem","position":1,"name":"F\u0151oldal","item":"https:\/\/lafunky.com\/en\/"},{"@type":"ListItem","position":2,"name":"Shop","item":"https:\/\/lafunky.com\/en\/shop\/"},{"@type":"ListItem","position":3,"name":"Ikaros \/ Mannequin lamp"}]},{"@type":"WebSite","@id":"https:\/\/lafunky.com\/en\/#website","url":"https:\/\/lafunky.com\/en\/","name":"LaFunky","description":"Sometimes Something \/ Izgalmas &amp; Szem\u00e9lyes","publisher":{"@id":"https:\/\/lafunky.com\/en\/#organization"},"potentialAction":[{"@type":"SearchAction","target":{"@type":"EntryPoint","urlTemplate":"https:\/\/lafunky.com\/en\/?s={search_term_string}"},"query-input":{"@type":"PropertyValueSpecification","valueRequired":true,"valueName":"search_term_string"}}],"inLanguage":"en-US"},{"@type":"Organization","@id":"https:\/\/lafunky.com\/en\/#organization","name":"LaFunky","url":"https:\/\/lafunky.com\/en\/","logo":{"@type":"ImageObject","inLanguage":"en-US","@id":"https:\/\/lafunky.com\/en\/#\/schema\/logo\/image\/","url":"https:\/\/lafunky.com\/wp-content\/uploads\/2023\/04\/la_funky_pepe_1_web.png","contentUrl":"https:\/\/lafunky.com\/wp-content\/uploads\/2023\/04\/la_funky_pepe_1_web.png","width":991,"height":324,"caption":"LaFunky"},"image":{"@id":"https:\/\/lafunky.com\/en\/#\/schema\/logo\/image\/"},"sameAs":["https:\/\/www.facebook.com\/dekorszertar","https:\/\/hu.pinterest.com\/dekorszertar\/"]}]}},"_links":{"self":[{"href":"https:\/\/lafunky.com\/en\/wp-json\/wp\/v2\/product\/3400","targetHints":{"allow":["GET"]}}],"collection":[{"href":"https:\/\/lafunky.com\/en\/wp-json\/wp\/v2\/product"}],"about":[{"href":"https:\/\/lafunky.com\/en\/wp-json\/wp\/v2\/types\/product"}],"wp:featuredmedia":[{"embeddable":true,"href":"https:\/\/lafunky.com\/en\/wp-json\/wp\/v2\/media\/5066"}],"wp:attachment":[{"href":"https:\/\/lafunky.com\/en\/wp-json\/wp\/v2\/media?parent=3400"}],"wp:term":[{"taxonomy":"product_brand","embeddable":true,"href":"https:\/\/lafunky.com\/en\/wp-json\/wp\/v2\/product_brand?post=3400"},{"taxonomy":"product_cat","embeddable":true,"href":"https:\/\/lafunky.com\/en\/wp-json\/wp\/v2\/product_cat?post=3400"},{"taxonomy":"product_tag","embeddable":true,"href":"https:\/\/lafunky.com\/en\/wp-json\/wp\/v2\/product_tag?post=3400"}],"curies":[{"name":"wp","href":"https:\/\/api.w.org\/{rel}","templated":true}]}}