{"id":3408,"date":"2022-09-19T18:03:51","date_gmt":"2022-09-19T16:03:51","guid":{"rendered":"https:\/\/lafunky.com\/shop\/uncategorized\/csukiljanto-mannequin-lamp\/"},"modified":"2023-07-24T17:15:06","modified_gmt":"2023-07-24T15:15:06","slug":"csukiljanto-mannequin-lamp","status":"publish","type":"product","link":"https:\/\/lafunky.com\/en\/shop\/objects-en\/csukiljanto-mannequin-lamp\/","title":{"rendered":"Csukiljanto \/ Mannequin Lamp"},"content":{"rendered":"<p><strong>Dignity and beauty sculpted into a radiant shape<\/strong><\/p>\n<p>Our <em><strong>Impulse<\/strong> <\/em>collection represents our profound love for design accessories infused with personality. Each piece is meticulously crafted to create a captivating and unparalleled visual experience.<\/p>\n<p><strong>Introducing Csukiljanto &#8211; The dignity and individuality cast into bronze<\/strong><\/p>\n<p>Bound by the rules and restrictions of the modern society, we&#8217;re missing the freedom and excitement of the simpler times. Let Csukiljanto&#8217;s wild beauty shine trough the grey curtains of your everyday lives!<\/p>\n<p>Natural instincts, freedom and individuality cast into a delicate form. We took inspiration from our raw human nature and the imagery of the wild tribes to create Csukiljanto&#8217;s design. She&#8217;s the manifestation of our eternal longing for true freedom and the captivating decor aesthetics of our ancestors. Strong, wild and free, yet delicate and alluring.<\/p>\n<p>Functionality meets art as Csukiljanto also doubles as a fully functional lamp, illuminating your space with a warm, inviting glow. Handmade with care and attention to detail, she is a testament to craftsmanship and creativity. The process of creating her involves upcycling, where an old mannequin is transformed into stunning art that breathes new life into discarded materials.<\/p>\n<p>Let her warm light free your spirit and embrace your true self without any limitation!<\/p>\n<p><strong>Main features:<\/strong><\/p>\n<ul>\n<li><strong>Statement Piece\u00a0<\/strong>&#8211; Home decor item that combines creativity and functionality to elevate your interior design with its bold imagery.<\/li>\n<li><strong>Environment friendly<\/strong> &#8211; Made from recycled materials for a touch on sustainability.<\/li>\n<li><strong>Custom made &#8211; <\/strong>Handcrafted with meticulous attention to detail.<\/li>\n<li><strong>Functional &#8211;\u00a0<\/strong>Even though they are decor items, our <em><strong>mannequin lamps<\/strong><\/em> are able to function as interior lighting.<\/li>\n<li><strong>Unique design<\/strong> &#8211; Every piece is one of a kind. We do not create the same thing twice.<\/li>\n<li><strong>Reusable packaging<\/strong> &#8211; We designed the packaging for each of our products\u00a0 to be durable and usable even after shipping.<\/li>\n<\/ul>\n","protected":false},"excerpt":{"rendered":"<p>Captivated by the beatiful song that filled her heart with love&#8230;despite her bravery, the crying, the hiding had turned her into stone, eternally still, but her soul is still shining through the millenias.<\/p>\n","protected":false},"featured_media":5037,"template":"","meta":[],"product_brand":[],"product_cat":[294],"product_tag":[398,581],"class_list":{"0":"post-3408","1":"product","2":"type-product","3":"status-publish","4":"has-post-thumbnail","6":"product_cat-objects-en","7":"product_tag-handmade-en","8":"product_tag-mannequin-lamp-en","10":"first","11":"instock","12":"sold-individually","13":"taxable","14":"shipping-taxable","15":"purchasable","16":"product-type-simple"},"yoast_head":"<!-- This site is optimized with the Yoast SEO plugin v26.8 - https:\/\/yoast.com\/product\/yoast-seo-wordpress\/ -->\n<title>Mannequin Lamp - LaFunky - Impulse<\/title>\n<meta name=\"description\" content=\"Handmade home decor mannequin lamp with unique bronze tribal design made from upcycled materials for sustainability and environment friendly decoration\" \/>\n<meta name=\"robots\" content=\"index, follow, max-snippet:-1, max-image-preview:large, max-video-preview:-1\" \/>\n<link rel=\"canonical\" href=\"https:\/\/lafunky.com\/en\/shop\/objects-en\/csukiljanto-mannequin-lamp\/\" \/>\n<meta property=\"og:locale\" content=\"en_US\" \/>\n<meta property=\"og:type\" content=\"article\" \/>\n<meta property=\"og:title\" content=\"Mannequin Lamp - LaFunky - Impulse\" \/>\n<meta property=\"og:description\" content=\"Handmade home decor mannequin lamp with unique bronze tribal design made from upcycled materials for sustainability and environment friendly decoration\" \/>\n<meta property=\"og:url\" content=\"https:\/\/lafunky.com\/en\/shop\/objects-en\/csukiljanto-mannequin-lamp\/\" \/>\n<meta property=\"og:site_name\" content=\"LaFunky\" \/>\n<meta property=\"article:publisher\" content=\"https:\/\/www.facebook.com\/dekorszertar\" \/>\n<meta property=\"article:modified_time\" content=\"2023-07-24T15:15:06+00:00\" \/>\n<meta property=\"og:image\" content=\"https:\/\/lafunky.com\/wp-content\/uploads\/2022\/09\/gesus_1-1.jpg\" \/>\n\t<meta property=\"og:image:width\" content=\"2045\" \/>\n\t<meta property=\"og:image:height\" content=\"2560\" \/>\n\t<meta property=\"og:image:type\" content=\"image\/jpeg\" \/>\n<meta name=\"twitter:card\" content=\"summary_large_image\" \/>\n<meta name=\"twitter:label1\" content=\"Est. reading time\" \/>\n\t<meta name=\"twitter:data1\" content=\"2 minutes\" \/>\n<script type=\"application\/ld+json\" class=\"yoast-schema-graph\">{\"@context\":\"https:\/\/schema.org\",\"@graph\":[{\"@type\":\"WebPage\",\"@id\":\"https:\/\/lafunky.com\/en\/shop\/objects-en\/csukiljanto-mannequin-lamp\/\",\"url\":\"https:\/\/lafunky.com\/en\/shop\/objects-en\/csukiljanto-mannequin-lamp\/\",\"name\":\"Mannequin Lamp - LaFunky - Impulse\",\"isPartOf\":{\"@id\":\"https:\/\/lafunky.com\/en\/#website\"},\"primaryImageOfPage\":{\"@id\":\"https:\/\/lafunky.com\/en\/shop\/objects-en\/csukiljanto-mannequin-lamp\/#primaryimage\"},\"image\":{\"@id\":\"https:\/\/lafunky.com\/en\/shop\/objects-en\/csukiljanto-mannequin-lamp\/#primaryimage\"},\"thumbnailUrl\":\"https:\/\/lafunky.com\/wp-content\/uploads\/2022\/09\/gesus_1-1.jpg\",\"datePublished\":\"2022-09-19T16:03:51+00:00\",\"dateModified\":\"2023-07-24T15:15:06+00:00\",\"description\":\"Handmade home decor mannequin lamp with unique bronze tribal design made from upcycled materials for sustainability and environment friendly decoration\",\"breadcrumb\":{\"@id\":\"https:\/\/lafunky.com\/en\/shop\/objects-en\/csukiljanto-mannequin-lamp\/#breadcrumb\"},\"inLanguage\":\"en-US\",\"potentialAction\":[{\"@type\":\"ReadAction\",\"target\":[\"https:\/\/lafunky.com\/en\/shop\/objects-en\/csukiljanto-mannequin-lamp\/\"]}]},{\"@type\":\"ImageObject\",\"inLanguage\":\"en-US\",\"@id\":\"https:\/\/lafunky.com\/en\/shop\/objects-en\/csukiljanto-mannequin-lamp\/#primaryimage\",\"url\":\"https:\/\/lafunky.com\/wp-content\/uploads\/2022\/09\/gesus_1-1.jpg\",\"contentUrl\":\"https:\/\/lafunky.com\/wp-content\/uploads\/2022\/09\/gesus_1-1.jpg\",\"width\":2045,\"height\":2560,\"caption\":\"Egyedi k\u00e9zzel k\u00e9sz\u00edtett fi\u00fa mannequinl\u00e1mpa, k\u00e9k alapsz\u00ednnel, pik\u00e1ns kieg\u00e9sz\u00edt\u0151 grafik\u00e1kkal\"},{\"@type\":\"BreadcrumbList\",\"@id\":\"https:\/\/lafunky.com\/en\/shop\/objects-en\/csukiljanto-mannequin-lamp\/#breadcrumb\",\"itemListElement\":[{\"@type\":\"ListItem\",\"position\":1,\"name\":\"F\u0151oldal\",\"item\":\"https:\/\/lafunky.com\/en\/\"},{\"@type\":\"ListItem\",\"position\":2,\"name\":\"Shop\",\"item\":\"https:\/\/lafunky.com\/en\/shop\/\"},{\"@type\":\"ListItem\",\"position\":3,\"name\":\"Csukiljanto \/ Mannequin Lamp\"}]},{\"@type\":\"WebSite\",\"@id\":\"https:\/\/lafunky.com\/en\/#website\",\"url\":\"https:\/\/lafunky.com\/en\/\",\"name\":\"LaFunky\",\"description\":\"Sometimes Something \/ Izgalmas &amp; Szem\u00e9lyes\",\"publisher\":{\"@id\":\"https:\/\/lafunky.com\/en\/#organization\"},\"potentialAction\":[{\"@type\":\"SearchAction\",\"target\":{\"@type\":\"EntryPoint\",\"urlTemplate\":\"https:\/\/lafunky.com\/en\/?s={search_term_string}\"},\"query-input\":{\"@type\":\"PropertyValueSpecification\",\"valueRequired\":true,\"valueName\":\"search_term_string\"}}],\"inLanguage\":\"en-US\"},{\"@type\":\"Organization\",\"@id\":\"https:\/\/lafunky.com\/en\/#organization\",\"name\":\"LaFunky\",\"url\":\"https:\/\/lafunky.com\/en\/\",\"logo\":{\"@type\":\"ImageObject\",\"inLanguage\":\"en-US\",\"@id\":\"https:\/\/lafunky.com\/en\/#\/schema\/logo\/image\/\",\"url\":\"https:\/\/lafunky.com\/wp-content\/uploads\/2023\/04\/la_funky_pepe_1_web.png\",\"contentUrl\":\"https:\/\/lafunky.com\/wp-content\/uploads\/2023\/04\/la_funky_pepe_1_web.png\",\"width\":991,\"height\":324,\"caption\":\"LaFunky\"},\"image\":{\"@id\":\"https:\/\/lafunky.com\/en\/#\/schema\/logo\/image\/\"},\"sameAs\":[\"https:\/\/www.facebook.com\/dekorszertar\",\"https:\/\/hu.pinterest.com\/dekorszertar\/\"]}]}<\/script>\n<!-- \/ Yoast SEO plugin. -->","yoast_head_json":{"title":"Mannequin Lamp - LaFunky - Impulse","description":"Handmade home decor mannequin lamp with unique bronze tribal design made from upcycled materials for sustainability and environment friendly decoration","robots":{"index":"index","follow":"follow","max-snippet":"max-snippet:-1","max-image-preview":"max-image-preview:large","max-video-preview":"max-video-preview:-1"},"canonical":"https:\/\/lafunky.com\/en\/shop\/objects-en\/csukiljanto-mannequin-lamp\/","og_locale":"en_US","og_type":"article","og_title":"Mannequin Lamp - LaFunky - Impulse","og_description":"Handmade home decor mannequin lamp with unique bronze tribal design made from upcycled materials for sustainability and environment friendly decoration","og_url":"https:\/\/lafunky.com\/en\/shop\/objects-en\/csukiljanto-mannequin-lamp\/","og_site_name":"LaFunky","article_publisher":"https:\/\/www.facebook.com\/dekorszertar","article_modified_time":"2023-07-24T15:15:06+00:00","og_image":[{"width":2045,"height":2560,"url":"https:\/\/lafunky.com\/wp-content\/uploads\/2022\/09\/gesus_1-1.jpg","type":"image\/jpeg"}],"twitter_card":"summary_large_image","twitter_misc":{"Est. reading time":"2 minutes"},"schema":{"@context":"https:\/\/schema.org","@graph":[{"@type":"WebPage","@id":"https:\/\/lafunky.com\/en\/shop\/objects-en\/csukiljanto-mannequin-lamp\/","url":"https:\/\/lafunky.com\/en\/shop\/objects-en\/csukiljanto-mannequin-lamp\/","name":"Mannequin Lamp - LaFunky - Impulse","isPartOf":{"@id":"https:\/\/lafunky.com\/en\/#website"},"primaryImageOfPage":{"@id":"https:\/\/lafunky.com\/en\/shop\/objects-en\/csukiljanto-mannequin-lamp\/#primaryimage"},"image":{"@id":"https:\/\/lafunky.com\/en\/shop\/objects-en\/csukiljanto-mannequin-lamp\/#primaryimage"},"thumbnailUrl":"https:\/\/lafunky.com\/wp-content\/uploads\/2022\/09\/gesus_1-1.jpg","datePublished":"2022-09-19T16:03:51+00:00","dateModified":"2023-07-24T15:15:06+00:00","description":"Handmade home decor mannequin lamp with unique bronze tribal design made from upcycled materials for sustainability and environment friendly decoration","breadcrumb":{"@id":"https:\/\/lafunky.com\/en\/shop\/objects-en\/csukiljanto-mannequin-lamp\/#breadcrumb"},"inLanguage":"en-US","potentialAction":[{"@type":"ReadAction","target":["https:\/\/lafunky.com\/en\/shop\/objects-en\/csukiljanto-mannequin-lamp\/"]}]},{"@type":"ImageObject","inLanguage":"en-US","@id":"https:\/\/lafunky.com\/en\/shop\/objects-en\/csukiljanto-mannequin-lamp\/#primaryimage","url":"https:\/\/lafunky.com\/wp-content\/uploads\/2022\/09\/gesus_1-1.jpg","contentUrl":"https:\/\/lafunky.com\/wp-content\/uploads\/2022\/09\/gesus_1-1.jpg","width":2045,"height":2560,"caption":"Egyedi k\u00e9zzel k\u00e9sz\u00edtett fi\u00fa mannequinl\u00e1mpa, k\u00e9k alapsz\u00ednnel, pik\u00e1ns kieg\u00e9sz\u00edt\u0151 grafik\u00e1kkal"},{"@type":"BreadcrumbList","@id":"https:\/\/lafunky.com\/en\/shop\/objects-en\/csukiljanto-mannequin-lamp\/#breadcrumb","itemListElement":[{"@type":"ListItem","position":1,"name":"F\u0151oldal","item":"https:\/\/lafunky.com\/en\/"},{"@type":"ListItem","position":2,"name":"Shop","item":"https:\/\/lafunky.com\/en\/shop\/"},{"@type":"ListItem","position":3,"name":"Csukiljanto \/ Mannequin Lamp"}]},{"@type":"WebSite","@id":"https:\/\/lafunky.com\/en\/#website","url":"https:\/\/lafunky.com\/en\/","name":"LaFunky","description":"Sometimes Something \/ Izgalmas &amp; Szem\u00e9lyes","publisher":{"@id":"https:\/\/lafunky.com\/en\/#organization"},"potentialAction":[{"@type":"SearchAction","target":{"@type":"EntryPoint","urlTemplate":"https:\/\/lafunky.com\/en\/?s={search_term_string}"},"query-input":{"@type":"PropertyValueSpecification","valueRequired":true,"valueName":"search_term_string"}}],"inLanguage":"en-US"},{"@type":"Organization","@id":"https:\/\/lafunky.com\/en\/#organization","name":"LaFunky","url":"https:\/\/lafunky.com\/en\/","logo":{"@type":"ImageObject","inLanguage":"en-US","@id":"https:\/\/lafunky.com\/en\/#\/schema\/logo\/image\/","url":"https:\/\/lafunky.com\/wp-content\/uploads\/2023\/04\/la_funky_pepe_1_web.png","contentUrl":"https:\/\/lafunky.com\/wp-content\/uploads\/2023\/04\/la_funky_pepe_1_web.png","width":991,"height":324,"caption":"LaFunky"},"image":{"@id":"https:\/\/lafunky.com\/en\/#\/schema\/logo\/image\/"},"sameAs":["https:\/\/www.facebook.com\/dekorszertar","https:\/\/hu.pinterest.com\/dekorszertar\/"]}]}},"_links":{"self":[{"href":"https:\/\/lafunky.com\/en\/wp-json\/wp\/v2\/product\/3408","targetHints":{"allow":["GET"]}}],"collection":[{"href":"https:\/\/lafunky.com\/en\/wp-json\/wp\/v2\/product"}],"about":[{"href":"https:\/\/lafunky.com\/en\/wp-json\/wp\/v2\/types\/product"}],"wp:featuredmedia":[{"embeddable":true,"href":"https:\/\/lafunky.com\/en\/wp-json\/wp\/v2\/media\/5037"}],"wp:attachment":[{"href":"https:\/\/lafunky.com\/en\/wp-json\/wp\/v2\/media?parent=3408"}],"wp:term":[{"taxonomy":"product_brand","embeddable":true,"href":"https:\/\/lafunky.com\/en\/wp-json\/wp\/v2\/product_brand?post=3408"},{"taxonomy":"product_cat","embeddable":true,"href":"https:\/\/lafunky.com\/en\/wp-json\/wp\/v2\/product_cat?post=3408"},{"taxonomy":"product_tag","embeddable":true,"href":"https:\/\/lafunky.com\/en\/wp-json\/wp\/v2\/product_tag?post=3408"}],"curies":[{"name":"wp","href":"https:\/\/api.w.org\/{rel}","templated":true}]}}