{"id":3409,"date":"2021-09-09T14:58:16","date_gmt":"2021-09-09T14:58:16","guid":{"rendered":"https:\/\/lafunky.com\/shop\/uncategorized\/3409\/"},"modified":"2023-07-25T22:29:26","modified_gmt":"2023-07-25T20:29:26","slug":"magdalena-mannequin-lamp","status":"publish","type":"product","link":"https:\/\/lafunky.com\/en\/shop\/objects-en\/magdalena-mannequin-lamp\/","title":{"rendered":"Magdalena \/ Mannequin Lamp"},"content":{"rendered":"<p><strong>Dignity and beauty sculpted into a radiant shape<\/strong><\/p>\n<p>Our <em><strong>Impulse<\/strong> <\/em>collection represents our profound love for design accessories infused with personality. Each piece is meticulously crafted to create a captivating and unparalleled visual experience.<\/p>\n<p><strong>Introducing Magdalena &#8211; The ancient guardian of the blooming fields<\/strong><\/p>\n<p>Magdalena is a symbol of joy and creativity, adorned with beloved Disney cartoons that add a playful and cheerful vibe to any room. Embrace eco-conscious living by choosing this lamp, which repurposes materials and brings a sense of wonder to your living spaces.<\/p>\n<p>The lamp&#8217;s green main color, represents nature and its rejuvenating energy. Magdalena serves as a reminder to cherish the beauty of the natural world and the joy it brings to our lives.<\/p>\n<p>Beyond its artistic appeal, Magdalena is a fully functioning lamp that provides warm and inviting lighting, creating the perfect ambiance for relaxation and enjoyment.<\/p>\n<p><strong>Main features:<\/strong><\/p>\n<ul>\n<li><strong>Statement Piece&nbsp;<\/strong>&#8211; Home decor item that combines creativity and functionality to elevate your interior design with its bold imagery.<\/li>\n<li><strong>Environment friendly<\/strong> &#8211; Made from recycled materials for a touch on sustainability.<\/li>\n<li><strong>Custom made &#8211; <\/strong>Handcrafted with meticulous attention to detail.<\/li>\n<li><strong>Functional &#8211;&nbsp;<\/strong>Even though they are decor items, our <em><strong>mannequin lamps<\/strong><\/em> are able to function as interior lighting.<\/li>\n<li><strong>Unique design<\/strong> &#8211; Every piece is one of a kind. We do not create the same thing twice.<\/li>\n<li><strong>Reusable packaging<\/strong> &#8211; We designed the packaging for each of our products&nbsp; to be durable and usable even after shipping.<\/li>\n<\/ul>\n","protected":false},"excerpt":{"rendered":"<p>Magdalena is greafully hopping across the fields, rolling arount in the tall grass, taking in the joyful scent of flowers&#8230;she has a few kind word to every little bug. Magdalena loves her life.<\/p>\n","protected":false},"featured_media":4797,"template":"","meta":[],"product_brand":[],"product_cat":[294],"product_tag":[398],"class_list":{"0":"post-3409","1":"product","2":"type-product","3":"status-publish","4":"has-post-thumbnail","6":"product_cat-objects-en","7":"product_tag-handmade-en","8":"product_shipping_class-large","10":"first","11":"instock","12":"sold-individually","13":"taxable","14":"shipping-taxable","15":"purchasable","16":"product-type-simple"},"yoast_head":"<!-- This site is optimized with the Yoast SEO plugin v26.8 - https:\/\/yoast.com\/product\/yoast-seo-wordpress\/ -->\n<title>Magdalena Mannequin Lamp - LaFunky - Impulse<\/title>\n<meta name=\"description\" content=\"Magdalena Mannequin Lamp - Magdalena gives a naturally playful vibe to any space with her uniquely and joyful personality.\" \/>\n<meta name=\"robots\" content=\"index, follow, max-snippet:-1, max-image-preview:large, max-video-preview:-1\" \/>\n<link rel=\"canonical\" href=\"https:\/\/lafunky.com\/en\/shop\/objects-en\/magdalena-mannequin-lamp\/\" \/>\n<meta property=\"og:locale\" content=\"en_US\" \/>\n<meta property=\"og:type\" content=\"article\" \/>\n<meta property=\"og:title\" content=\"Magdalena Mannequin Lamp - LaFunky - Impulse\" \/>\n<meta property=\"og:description\" content=\"Magdalena Mannequin Lamp - Magdalena gives a naturally playful vibe to any space with her uniquely and joyful personality.\" \/>\n<meta property=\"og:url\" content=\"https:\/\/lafunky.com\/en\/shop\/objects-en\/magdalena-mannequin-lamp\/\" \/>\n<meta property=\"og:site_name\" content=\"LaFunky\" \/>\n<meta property=\"article:publisher\" content=\"https:\/\/www.facebook.com\/dekorszertar\" \/>\n<meta property=\"article:modified_time\" content=\"2023-07-25T20:29:26+00:00\" \/>\n<meta property=\"og:image\" content=\"https:\/\/lafunky.com\/wp-content\/uploads\/2021\/09\/caribiendefekt_1.jpg\" \/>\n\t<meta property=\"og:image:width\" content=\"2045\" \/>\n\t<meta property=\"og:image:height\" content=\"2560\" \/>\n\t<meta property=\"og:image:type\" content=\"image\/jpeg\" \/>\n<meta name=\"twitter:card\" content=\"summary_large_image\" \/>\n<meta name=\"twitter:label1\" content=\"Est. reading time\" \/>\n\t<meta name=\"twitter:data1\" content=\"1 minute\" \/>\n<script type=\"application\/ld+json\" class=\"yoast-schema-graph\">{\"@context\":\"https:\/\/schema.org\",\"@graph\":[{\"@type\":\"WebPage\",\"@id\":\"https:\/\/lafunky.com\/en\/shop\/objects-en\/magdalena-mannequin-lamp\/\",\"url\":\"https:\/\/lafunky.com\/en\/shop\/objects-en\/magdalena-mannequin-lamp\/\",\"name\":\"Magdalena Mannequin Lamp - LaFunky - Impulse\",\"isPartOf\":{\"@id\":\"https:\/\/lafunky.com\/en\/#website\"},\"primaryImageOfPage\":{\"@id\":\"https:\/\/lafunky.com\/en\/shop\/objects-en\/magdalena-mannequin-lamp\/#primaryimage\"},\"image\":{\"@id\":\"https:\/\/lafunky.com\/en\/shop\/objects-en\/magdalena-mannequin-lamp\/#primaryimage\"},\"thumbnailUrl\":\"https:\/\/lafunky.com\/wp-content\/uploads\/2021\/09\/caribiendefekt_1.jpg\",\"datePublished\":\"2021-09-09T14:58:16+00:00\",\"dateModified\":\"2023-07-25T20:29:26+00:00\",\"description\":\"Magdalena Mannequin Lamp - Magdalena gives a naturally playful vibe to any space with her uniquely and joyful personality.\",\"breadcrumb\":{\"@id\":\"https:\/\/lafunky.com\/en\/shop\/objects-en\/magdalena-mannequin-lamp\/#breadcrumb\"},\"inLanguage\":\"en-US\",\"potentialAction\":[{\"@type\":\"ReadAction\",\"target\":[\"https:\/\/lafunky.com\/en\/shop\/objects-en\/magdalena-mannequin-lamp\/\"]}]},{\"@type\":\"ImageObject\",\"inLanguage\":\"en-US\",\"@id\":\"https:\/\/lafunky.com\/en\/shop\/objects-en\/magdalena-mannequin-lamp\/#primaryimage\",\"url\":\"https:\/\/lafunky.com\/wp-content\/uploads\/2021\/09\/caribiendefekt_1.jpg\",\"contentUrl\":\"https:\/\/lafunky.com\/wp-content\/uploads\/2021\/09\/caribiendefekt_1.jpg\",\"width\":2045,\"height\":2560,\"caption\":\"Caribiandefekt \/ V\u00e1szon Koll\u00e1zsk\u00e9p\"},{\"@type\":\"BreadcrumbList\",\"@id\":\"https:\/\/lafunky.com\/en\/shop\/objects-en\/magdalena-mannequin-lamp\/#breadcrumb\",\"itemListElement\":[{\"@type\":\"ListItem\",\"position\":1,\"name\":\"F\u0151oldal\",\"item\":\"https:\/\/lafunky.com\/en\/\"},{\"@type\":\"ListItem\",\"position\":2,\"name\":\"Shop\",\"item\":\"https:\/\/lafunky.com\/en\/shop\/\"},{\"@type\":\"ListItem\",\"position\":3,\"name\":\"Magdalena \/ Mannequin Lamp\"}]},{\"@type\":\"WebSite\",\"@id\":\"https:\/\/lafunky.com\/en\/#website\",\"url\":\"https:\/\/lafunky.com\/en\/\",\"name\":\"LaFunky\",\"description\":\"Sometimes Something \/ Izgalmas &amp; Szem\u00e9lyes\",\"publisher\":{\"@id\":\"https:\/\/lafunky.com\/en\/#organization\"},\"potentialAction\":[{\"@type\":\"SearchAction\",\"target\":{\"@type\":\"EntryPoint\",\"urlTemplate\":\"https:\/\/lafunky.com\/en\/?s={search_term_string}\"},\"query-input\":{\"@type\":\"PropertyValueSpecification\",\"valueRequired\":true,\"valueName\":\"search_term_string\"}}],\"inLanguage\":\"en-US\"},{\"@type\":\"Organization\",\"@id\":\"https:\/\/lafunky.com\/en\/#organization\",\"name\":\"LaFunky\",\"url\":\"https:\/\/lafunky.com\/en\/\",\"logo\":{\"@type\":\"ImageObject\",\"inLanguage\":\"en-US\",\"@id\":\"https:\/\/lafunky.com\/en\/#\/schema\/logo\/image\/\",\"url\":\"https:\/\/lafunky.com\/wp-content\/uploads\/2023\/04\/la_funky_pepe_1_web.png\",\"contentUrl\":\"https:\/\/lafunky.com\/wp-content\/uploads\/2023\/04\/la_funky_pepe_1_web.png\",\"width\":991,\"height\":324,\"caption\":\"LaFunky\"},\"image\":{\"@id\":\"https:\/\/lafunky.com\/en\/#\/schema\/logo\/image\/\"},\"sameAs\":[\"https:\/\/www.facebook.com\/dekorszertar\",\"https:\/\/hu.pinterest.com\/dekorszertar\/\"]}]}<\/script>\n<!-- \/ Yoast SEO plugin. -->","yoast_head_json":{"title":"Magdalena Mannequin Lamp - LaFunky - Impulse","description":"Magdalena Mannequin Lamp - Magdalena gives a naturally playful vibe to any space with her uniquely and joyful personality.","robots":{"index":"index","follow":"follow","max-snippet":"max-snippet:-1","max-image-preview":"max-image-preview:large","max-video-preview":"max-video-preview:-1"},"canonical":"https:\/\/lafunky.com\/en\/shop\/objects-en\/magdalena-mannequin-lamp\/","og_locale":"en_US","og_type":"article","og_title":"Magdalena Mannequin Lamp - LaFunky - Impulse","og_description":"Magdalena Mannequin Lamp - Magdalena gives a naturally playful vibe to any space with her uniquely and joyful personality.","og_url":"https:\/\/lafunky.com\/en\/shop\/objects-en\/magdalena-mannequin-lamp\/","og_site_name":"LaFunky","article_publisher":"https:\/\/www.facebook.com\/dekorszertar","article_modified_time":"2023-07-25T20:29:26+00:00","og_image":[{"width":2045,"height":2560,"url":"https:\/\/lafunky.com\/wp-content\/uploads\/2021\/09\/caribiendefekt_1.jpg","type":"image\/jpeg"}],"twitter_card":"summary_large_image","twitter_misc":{"Est. reading time":"1 minute"},"schema":{"@context":"https:\/\/schema.org","@graph":[{"@type":"WebPage","@id":"https:\/\/lafunky.com\/en\/shop\/objects-en\/magdalena-mannequin-lamp\/","url":"https:\/\/lafunky.com\/en\/shop\/objects-en\/magdalena-mannequin-lamp\/","name":"Magdalena Mannequin Lamp - LaFunky - Impulse","isPartOf":{"@id":"https:\/\/lafunky.com\/en\/#website"},"primaryImageOfPage":{"@id":"https:\/\/lafunky.com\/en\/shop\/objects-en\/magdalena-mannequin-lamp\/#primaryimage"},"image":{"@id":"https:\/\/lafunky.com\/en\/shop\/objects-en\/magdalena-mannequin-lamp\/#primaryimage"},"thumbnailUrl":"https:\/\/lafunky.com\/wp-content\/uploads\/2021\/09\/caribiendefekt_1.jpg","datePublished":"2021-09-09T14:58:16+00:00","dateModified":"2023-07-25T20:29:26+00:00","description":"Magdalena Mannequin Lamp - Magdalena gives a naturally playful vibe to any space with her uniquely and joyful personality.","breadcrumb":{"@id":"https:\/\/lafunky.com\/en\/shop\/objects-en\/magdalena-mannequin-lamp\/#breadcrumb"},"inLanguage":"en-US","potentialAction":[{"@type":"ReadAction","target":["https:\/\/lafunky.com\/en\/shop\/objects-en\/magdalena-mannequin-lamp\/"]}]},{"@type":"ImageObject","inLanguage":"en-US","@id":"https:\/\/lafunky.com\/en\/shop\/objects-en\/magdalena-mannequin-lamp\/#primaryimage","url":"https:\/\/lafunky.com\/wp-content\/uploads\/2021\/09\/caribiendefekt_1.jpg","contentUrl":"https:\/\/lafunky.com\/wp-content\/uploads\/2021\/09\/caribiendefekt_1.jpg","width":2045,"height":2560,"caption":"Caribiandefekt \/ V\u00e1szon Koll\u00e1zsk\u00e9p"},{"@type":"BreadcrumbList","@id":"https:\/\/lafunky.com\/en\/shop\/objects-en\/magdalena-mannequin-lamp\/#breadcrumb","itemListElement":[{"@type":"ListItem","position":1,"name":"F\u0151oldal","item":"https:\/\/lafunky.com\/en\/"},{"@type":"ListItem","position":2,"name":"Shop","item":"https:\/\/lafunky.com\/en\/shop\/"},{"@type":"ListItem","position":3,"name":"Magdalena \/ Mannequin Lamp"}]},{"@type":"WebSite","@id":"https:\/\/lafunky.com\/en\/#website","url":"https:\/\/lafunky.com\/en\/","name":"LaFunky","description":"Sometimes Something \/ Izgalmas &amp; Szem\u00e9lyes","publisher":{"@id":"https:\/\/lafunky.com\/en\/#organization"},"potentialAction":[{"@type":"SearchAction","target":{"@type":"EntryPoint","urlTemplate":"https:\/\/lafunky.com\/en\/?s={search_term_string}"},"query-input":{"@type":"PropertyValueSpecification","valueRequired":true,"valueName":"search_term_string"}}],"inLanguage":"en-US"},{"@type":"Organization","@id":"https:\/\/lafunky.com\/en\/#organization","name":"LaFunky","url":"https:\/\/lafunky.com\/en\/","logo":{"@type":"ImageObject","inLanguage":"en-US","@id":"https:\/\/lafunky.com\/en\/#\/schema\/logo\/image\/","url":"https:\/\/lafunky.com\/wp-content\/uploads\/2023\/04\/la_funky_pepe_1_web.png","contentUrl":"https:\/\/lafunky.com\/wp-content\/uploads\/2023\/04\/la_funky_pepe_1_web.png","width":991,"height":324,"caption":"LaFunky"},"image":{"@id":"https:\/\/lafunky.com\/en\/#\/schema\/logo\/image\/"},"sameAs":["https:\/\/www.facebook.com\/dekorszertar","https:\/\/hu.pinterest.com\/dekorszertar\/"]}]}},"_links":{"self":[{"href":"https:\/\/lafunky.com\/en\/wp-json\/wp\/v2\/product\/3409","targetHints":{"allow":["GET"]}}],"collection":[{"href":"https:\/\/lafunky.com\/en\/wp-json\/wp\/v2\/product"}],"about":[{"href":"https:\/\/lafunky.com\/en\/wp-json\/wp\/v2\/types\/product"}],"wp:featuredmedia":[{"embeddable":true,"href":"https:\/\/lafunky.com\/en\/wp-json\/wp\/v2\/media\/4797"}],"wp:attachment":[{"href":"https:\/\/lafunky.com\/en\/wp-json\/wp\/v2\/media?parent=3409"}],"wp:term":[{"taxonomy":"product_brand","embeddable":true,"href":"https:\/\/lafunky.com\/en\/wp-json\/wp\/v2\/product_brand?post=3409"},{"taxonomy":"product_cat","embeddable":true,"href":"https:\/\/lafunky.com\/en\/wp-json\/wp\/v2\/product_cat?post=3409"},{"taxonomy":"product_tag","embeddable":true,"href":"https:\/\/lafunky.com\/en\/wp-json\/wp\/v2\/product_tag?post=3409"}],"curies":[{"name":"wp","href":"https:\/\/api.w.org\/{rel}","templated":true}]}}