{"id":4360,"date":"2024-05-02T16:03:33","date_gmt":"2024-05-02T14:03:33","guid":{"rendered":"https:\/\/lafunky.com\/shop\/uncategorized\/greenpoint-design-lampshade\/"},"modified":"2024-05-02T16:03:33","modified_gmt":"2024-05-02T14:03:33","slug":"greenpoint-design-lampshade","status":"publish","type":"product","link":"https:\/\/lafunky.com\/en\/shop\/objects-en\/greenpoint-design-lampshade\/","title":{"rendered":"Greenpoint \/ Design Lampshade"},"content":{"rendered":"<p><strong>Dignity and beauty sculpted into a radiant shape<\/strong><strong><\/p>\n<p><\/strong><\/p>\n<p>Our\u00a0<strong><em>Impulse<\/em><\/strong><em>\u00a0<\/em>collection represents our profound love for design accessories infused with personality. Each piece is meticulously crafted to create a captivating and unparalleled visual experience.<\/p>\n<p>This is first collection of Impulse products which is a departure from our &#8216;one of a kind&#8217; logic, offering a series with a seasonal availability. \/May 1, 2024 \u2013 August 31, 2024\/<\/p>\n<p>The graphics still follow the LaFunky style, but with a slightly smoother approach. We aimed for an easier message than before, focusing more on colorful and lighter motifs and images. Perhaps less bold than our unique pieces, but still attention grabbing appearances in interiors.<\/p>\n<p>There&#8217;s nothing left but to move forward! Our new Lampshade collection will give any space a playful athmosphere day and night.<\/p>\n<p>&nbsp;<\/p>\n<p>At LaFunky Artisan Atelier, we believe that every corner of your home should reflect your personality and style. That&#8217;s why we&#8217;ve crafted our artistic lampshades to be more than just sources of light; they&#8217;re bold statements that transform any room into a gallery of your taste.<\/p>\n<p>With our lampshades, interior design becomes an expression of individuality. Whether you&#8217;re drawn to the sleek lines of modern minimalism or the intricate patterns of bohemian chic, our diverse range of designs offers something for every aesthetic preference.<\/p>\n<p><strong>Main features:<\/strong><\/p>\n<ul>\n<li><strong>Statement<\/strong> <strong>Piece<\/strong>\u2013 Home decor item that combines creativity and functionality to elevate your interior design with its bold imagery.<\/li>\n<li><strong>Environment<\/strong> <strong>friendly<\/strong>\u2013 Made from recycled materials for a touch on sustainability.<\/li>\n<li><strong>Custom<\/strong> <strong>made<\/strong> \u2013\u00a0Handcrafted with meticulous attention to detail.<\/li>\n<li><strong>Reusable<\/strong> <strong>packaging<\/strong>\u2013 We designed the packaging for each of our products\u00a0 to be durable and usable even after shipping.<\/li>\n<\/ul>\n","protected":false},"excerpt":{"rendered":"<p>A &#8220;YesGo&#8221; green zone on your ceiling. A colorful jungle with style that doesn&#8217;t disappoint.<\/p>\n","protected":false},"featured_media":4709,"template":"","meta":[],"product_brand":[],"product_cat":[294],"product_tag":[398],"class_list":{"0":"post-4360","1":"product","2":"type-product","3":"status-publish","4":"has-post-thumbnail","6":"product_cat-objects-en","7":"product_tag-handmade-en","9":"first","10":"instock","11":"taxable","12":"shipping-taxable","13":"purchasable","14":"product-type-simple"},"yoast_head":"<!-- This site is optimized with the Yoast SEO plugin v26.8 - https:\/\/yoast.com\/product\/yoast-seo-wordpress\/ -->\n<title>Grenpoint Design Lampshade - LaFunky -Impulse<\/title>\n<meta name=\"description\" content=\"Grenpoint Design Lampshade - The jungle is another world, and this piece offers something completely different from what leaves alone can provide as accessories.\" \/>\n<meta name=\"robots\" content=\"index, follow, max-snippet:-1, max-image-preview:large, max-video-preview:-1\" \/>\n<link rel=\"canonical\" href=\"https:\/\/lafunky.com\/en\/shop\/objects-en\/greenpoint-design-lampshade\/\" \/>\n<meta property=\"og:locale\" content=\"en_US\" \/>\n<meta property=\"og:type\" content=\"article\" \/>\n<meta property=\"og:title\" content=\"Grenpoint Design Lampshade - LaFunky -Impulse\" \/>\n<meta property=\"og:description\" content=\"Grenpoint Design Lampshade - The jungle is another world, and this piece offers something completely different from what leaves alone can provide as accessories.\" \/>\n<meta property=\"og:url\" content=\"https:\/\/lafunky.com\/en\/shop\/objects-en\/greenpoint-design-lampshade\/\" \/>\n<meta property=\"og:site_name\" content=\"LaFunky\" \/>\n<meta property=\"article:publisher\" content=\"https:\/\/www.facebook.com\/dekorszertar\" \/>\n<meta property=\"og:image\" content=\"https:\/\/lafunky.com\/wp-content\/uploads\/2024\/04\/explorateur_1-1.jpg\" \/>\n\t<meta property=\"og:image:width\" content=\"1510\" \/>\n\t<meta property=\"og:image:height\" content=\"1890\" \/>\n\t<meta property=\"og:image:type\" content=\"image\/jpeg\" \/>\n<meta name=\"twitter:card\" content=\"summary_large_image\" \/>\n<meta name=\"twitter:label1\" content=\"Est. reading time\" \/>\n\t<meta name=\"twitter:data1\" content=\"1 minute\" \/>\n<script type=\"application\/ld+json\" class=\"yoast-schema-graph\">{\"@context\":\"https:\/\/schema.org\",\"@graph\":[{\"@type\":\"WebPage\",\"@id\":\"https:\/\/lafunky.com\/en\/shop\/objects-en\/greenpoint-design-lampshade\/\",\"url\":\"https:\/\/lafunky.com\/en\/shop\/objects-en\/greenpoint-design-lampshade\/\",\"name\":\"Grenpoint Design Lampshade - LaFunky -Impulse\",\"isPartOf\":{\"@id\":\"https:\/\/lafunky.com\/en\/#website\"},\"primaryImageOfPage\":{\"@id\":\"https:\/\/lafunky.com\/en\/shop\/objects-en\/greenpoint-design-lampshade\/#primaryimage\"},\"image\":{\"@id\":\"https:\/\/lafunky.com\/en\/shop\/objects-en\/greenpoint-design-lampshade\/#primaryimage\"},\"thumbnailUrl\":\"https:\/\/lafunky.com\/wp-content\/uploads\/2024\/04\/explorateur_1-1.jpg\",\"datePublished\":\"2024-05-02T14:03:33+00:00\",\"description\":\"Grenpoint Design Lampshade - The jungle is another world, and this piece offers something completely different from what leaves alone can provide as accessories.\",\"breadcrumb\":{\"@id\":\"https:\/\/lafunky.com\/en\/shop\/objects-en\/greenpoint-design-lampshade\/#breadcrumb\"},\"inLanguage\":\"en-US\",\"potentialAction\":[{\"@type\":\"ReadAction\",\"target\":[\"https:\/\/lafunky.com\/en\/shop\/objects-en\/greenpoint-design-lampshade\/\"]}]},{\"@type\":\"ImageObject\",\"inLanguage\":\"en-US\",\"@id\":\"https:\/\/lafunky.com\/en\/shop\/objects-en\/greenpoint-design-lampshade\/#primaryimage\",\"url\":\"https:\/\/lafunky.com\/wp-content\/uploads\/2024\/04\/explorateur_1-1.jpg\",\"contentUrl\":\"https:\/\/lafunky.com\/wp-content\/uploads\/2024\/04\/explorateur_1-1.jpg\",\"width\":1510,\"height\":1890,\"caption\":\"Textur\u00e1lt V\u00e1szonkoll\u00e1zs\"},{\"@type\":\"BreadcrumbList\",\"@id\":\"https:\/\/lafunky.com\/en\/shop\/objects-en\/greenpoint-design-lampshade\/#breadcrumb\",\"itemListElement\":[{\"@type\":\"ListItem\",\"position\":1,\"name\":\"F\u0151oldal\",\"item\":\"https:\/\/lafunky.com\/en\/\"},{\"@type\":\"ListItem\",\"position\":2,\"name\":\"Shop\",\"item\":\"https:\/\/lafunky.com\/en\/shop\/\"},{\"@type\":\"ListItem\",\"position\":3,\"name\":\"Greenpoint \/ Design Lampshade\"}]},{\"@type\":\"WebSite\",\"@id\":\"https:\/\/lafunky.com\/en\/#website\",\"url\":\"https:\/\/lafunky.com\/en\/\",\"name\":\"LaFunky\",\"description\":\"Sometimes Something \/ Izgalmas &amp; Szem\u00e9lyes\",\"publisher\":{\"@id\":\"https:\/\/lafunky.com\/en\/#organization\"},\"potentialAction\":[{\"@type\":\"SearchAction\",\"target\":{\"@type\":\"EntryPoint\",\"urlTemplate\":\"https:\/\/lafunky.com\/en\/?s={search_term_string}\"},\"query-input\":{\"@type\":\"PropertyValueSpecification\",\"valueRequired\":true,\"valueName\":\"search_term_string\"}}],\"inLanguage\":\"en-US\"},{\"@type\":\"Organization\",\"@id\":\"https:\/\/lafunky.com\/en\/#organization\",\"name\":\"LaFunky\",\"url\":\"https:\/\/lafunky.com\/en\/\",\"logo\":{\"@type\":\"ImageObject\",\"inLanguage\":\"en-US\",\"@id\":\"https:\/\/lafunky.com\/en\/#\/schema\/logo\/image\/\",\"url\":\"https:\/\/lafunky.com\/wp-content\/uploads\/2023\/04\/la_funky_pepe_1_web.png\",\"contentUrl\":\"https:\/\/lafunky.com\/wp-content\/uploads\/2023\/04\/la_funky_pepe_1_web.png\",\"width\":991,\"height\":324,\"caption\":\"LaFunky\"},\"image\":{\"@id\":\"https:\/\/lafunky.com\/en\/#\/schema\/logo\/image\/\"},\"sameAs\":[\"https:\/\/www.facebook.com\/dekorszertar\",\"https:\/\/hu.pinterest.com\/dekorszertar\/\"]}]}<\/script>\n<!-- \/ Yoast SEO plugin. -->","yoast_head_json":{"title":"Grenpoint Design Lampshade - LaFunky -Impulse","description":"Grenpoint Design Lampshade - The jungle is another world, and this piece offers something completely different from what leaves alone can provide as accessories.","robots":{"index":"index","follow":"follow","max-snippet":"max-snippet:-1","max-image-preview":"max-image-preview:large","max-video-preview":"max-video-preview:-1"},"canonical":"https:\/\/lafunky.com\/en\/shop\/objects-en\/greenpoint-design-lampshade\/","og_locale":"en_US","og_type":"article","og_title":"Grenpoint Design Lampshade - LaFunky -Impulse","og_description":"Grenpoint Design Lampshade - The jungle is another world, and this piece offers something completely different from what leaves alone can provide as accessories.","og_url":"https:\/\/lafunky.com\/en\/shop\/objects-en\/greenpoint-design-lampshade\/","og_site_name":"LaFunky","article_publisher":"https:\/\/www.facebook.com\/dekorszertar","og_image":[{"width":1510,"height":1890,"url":"https:\/\/lafunky.com\/wp-content\/uploads\/2024\/04\/explorateur_1-1.jpg","type":"image\/jpeg"}],"twitter_card":"summary_large_image","twitter_misc":{"Est. reading time":"1 minute"},"schema":{"@context":"https:\/\/schema.org","@graph":[{"@type":"WebPage","@id":"https:\/\/lafunky.com\/en\/shop\/objects-en\/greenpoint-design-lampshade\/","url":"https:\/\/lafunky.com\/en\/shop\/objects-en\/greenpoint-design-lampshade\/","name":"Grenpoint Design Lampshade - LaFunky -Impulse","isPartOf":{"@id":"https:\/\/lafunky.com\/en\/#website"},"primaryImageOfPage":{"@id":"https:\/\/lafunky.com\/en\/shop\/objects-en\/greenpoint-design-lampshade\/#primaryimage"},"image":{"@id":"https:\/\/lafunky.com\/en\/shop\/objects-en\/greenpoint-design-lampshade\/#primaryimage"},"thumbnailUrl":"https:\/\/lafunky.com\/wp-content\/uploads\/2024\/04\/explorateur_1-1.jpg","datePublished":"2024-05-02T14:03:33+00:00","description":"Grenpoint Design Lampshade - The jungle is another world, and this piece offers something completely different from what leaves alone can provide as accessories.","breadcrumb":{"@id":"https:\/\/lafunky.com\/en\/shop\/objects-en\/greenpoint-design-lampshade\/#breadcrumb"},"inLanguage":"en-US","potentialAction":[{"@type":"ReadAction","target":["https:\/\/lafunky.com\/en\/shop\/objects-en\/greenpoint-design-lampshade\/"]}]},{"@type":"ImageObject","inLanguage":"en-US","@id":"https:\/\/lafunky.com\/en\/shop\/objects-en\/greenpoint-design-lampshade\/#primaryimage","url":"https:\/\/lafunky.com\/wp-content\/uploads\/2024\/04\/explorateur_1-1.jpg","contentUrl":"https:\/\/lafunky.com\/wp-content\/uploads\/2024\/04\/explorateur_1-1.jpg","width":1510,"height":1890,"caption":"Textur\u00e1lt V\u00e1szonkoll\u00e1zs"},{"@type":"BreadcrumbList","@id":"https:\/\/lafunky.com\/en\/shop\/objects-en\/greenpoint-design-lampshade\/#breadcrumb","itemListElement":[{"@type":"ListItem","position":1,"name":"F\u0151oldal","item":"https:\/\/lafunky.com\/en\/"},{"@type":"ListItem","position":2,"name":"Shop","item":"https:\/\/lafunky.com\/en\/shop\/"},{"@type":"ListItem","position":3,"name":"Greenpoint \/ Design Lampshade"}]},{"@type":"WebSite","@id":"https:\/\/lafunky.com\/en\/#website","url":"https:\/\/lafunky.com\/en\/","name":"LaFunky","description":"Sometimes Something \/ Izgalmas &amp; Szem\u00e9lyes","publisher":{"@id":"https:\/\/lafunky.com\/en\/#organization"},"potentialAction":[{"@type":"SearchAction","target":{"@type":"EntryPoint","urlTemplate":"https:\/\/lafunky.com\/en\/?s={search_term_string}"},"query-input":{"@type":"PropertyValueSpecification","valueRequired":true,"valueName":"search_term_string"}}],"inLanguage":"en-US"},{"@type":"Organization","@id":"https:\/\/lafunky.com\/en\/#organization","name":"LaFunky","url":"https:\/\/lafunky.com\/en\/","logo":{"@type":"ImageObject","inLanguage":"en-US","@id":"https:\/\/lafunky.com\/en\/#\/schema\/logo\/image\/","url":"https:\/\/lafunky.com\/wp-content\/uploads\/2023\/04\/la_funky_pepe_1_web.png","contentUrl":"https:\/\/lafunky.com\/wp-content\/uploads\/2023\/04\/la_funky_pepe_1_web.png","width":991,"height":324,"caption":"LaFunky"},"image":{"@id":"https:\/\/lafunky.com\/en\/#\/schema\/logo\/image\/"},"sameAs":["https:\/\/www.facebook.com\/dekorszertar","https:\/\/hu.pinterest.com\/dekorszertar\/"]}]}},"_links":{"self":[{"href":"https:\/\/lafunky.com\/en\/wp-json\/wp\/v2\/product\/4360","targetHints":{"allow":["GET"]}}],"collection":[{"href":"https:\/\/lafunky.com\/en\/wp-json\/wp\/v2\/product"}],"about":[{"href":"https:\/\/lafunky.com\/en\/wp-json\/wp\/v2\/types\/product"}],"wp:featuredmedia":[{"embeddable":true,"href":"https:\/\/lafunky.com\/en\/wp-json\/wp\/v2\/media\/4709"}],"wp:attachment":[{"href":"https:\/\/lafunky.com\/en\/wp-json\/wp\/v2\/media?parent=4360"}],"wp:term":[{"taxonomy":"product_brand","embeddable":true,"href":"https:\/\/lafunky.com\/en\/wp-json\/wp\/v2\/product_brand?post=4360"},{"taxonomy":"product_cat","embeddable":true,"href":"https:\/\/lafunky.com\/en\/wp-json\/wp\/v2\/product_cat?post=4360"},{"taxonomy":"product_tag","embeddable":true,"href":"https:\/\/lafunky.com\/en\/wp-json\/wp\/v2\/product_tag?post=4360"}],"curies":[{"name":"wp","href":"https:\/\/api.w.org\/{rel}","templated":true}]}}